{"id":1071,"date":"2019-11-08T15:03:39","date_gmt":"2019-11-08T14:03:39","guid":{"rendered":"https:\/\/veterinariveteros.com\/?page_id=1071"},"modified":"2026-03-02T23:39:28","modified_gmt":"2026-03-02T22:39:28","slug":"campanas","status":"publish","type":"page","link":"https:\/\/veterinariveteros.com\/es\/campanas\/","title":{"rendered":"Campa\u00f1as"},"content":{"rendered":"<p>[et_pb_section fb_built=\u00bb1&#8243; admin_label=\u00bbPage Title Section\u00bb _builder_version=\u00bb4.27.4&#8243; use_background_color_gradient=\u00bbon\u00bb background_color_gradient_direction=\u00bb120deg\u00bb background_color_gradient_stops=\u00bbgcid-secondary-color 0%|rgba(0,0,0,0) 52%\u00bb background_color_gradient_overlays_image=\u00bbon\u00bb background_color_gradient_start=\u00bb#00164d\u00bb background_color_gradient_end=\u00bbrgba(0,0,0,0)\u00bb background_image=\u00bbhttps:\/\/veterinariveteros.com\/wp-content\/uploads\/2019\/11\/000.01_Mujer_Golden_Retriever_134340395-1.jpg\u00bb background_position=\u00bbcenter_left\u00bb custom_padding=\u00bb110px||110px|\u00bb hover_enabled=\u00bb0&#8243; global_colors_info=\u00bb{%22gcid-secondary-color%22:%91%22background_color_gradient_stops%22,%22background_color_gradient_stops%22%93}\u00bb title_text=\u00bb000.01_Mujer_Golden_Retriever_134340395 (1)\u00bb sticky_enabled=\u00bb0&#8243;][et_pb_row column_structure=\u00bb1_2,1_2&#8243; admin_label=\u00bbPage Title Area\u00bb _builder_version=\u00bb4.16&#8243; background_size=\u00bbinitial\u00bb background_position=\u00bbtop_left\u00bb background_repeat=\u00bbrepeat\u00bb global_colors_info=\u00bb{}\u00bb][et_pb_column type=\u00bb1_2&#8243; _builder_version=\u00bb4.16&#8243; custom_padding=\u00bb|||\u00bb global_colors_info=\u00bb{}\u00bb custom_padding__hover=\u00bb|||\u00bb][et_pb_text admin_label=\u00bbTitle\u00bb _builder_version=\u00bb4.16&#8243; text_font=\u00bb||||||||\u00bb header_font=\u00bbPoppins|600|||||||\u00bb header_font_size=\u00bb60px\u00bb header_line_height=\u00bb1.2em\u00bb header_2_font=\u00bb||||||||\u00bb header_2_font_size=\u00bb60px\u00bb background_layout=\u00bbdark\u00bb custom_margin=\u00bb||20px|\u00bb custom_padding=\u00bb|||\u00bb animation_style=\u00bbfade\u00bb header_font_size_tablet=\u00bb\u00bb header_font_size_phone=\u00bb40px\u00bb header_font_size_last_edited=\u00bbon|phone\u00bb global_colors_info=\u00bb{}\u00bb]<\/p>\n<h1>Campa\u00f1as<\/h1>\n<p>[\/et_pb_text][\/et_pb_column][et_pb_column type=\u00bb1_2&#8243; _builder_version=\u00bb4.16&#8243; custom_padding=\u00bb|||\u00bb global_colors_info=\u00bb{}\u00bb custom_padding__hover=\u00bb|||\u00bb][\/et_pb_column][\/et_pb_row][\/et_pb_section][et_pb_section fb_built=\u00bb1&#8243; _builder_version=\u00bb4.16&#8243; custom_padding=\u00bb95px||2px|||\u00bb global_colors_info=\u00bb{}\u00bb][et_pb_row _builder_version=\u00bb4.16&#8243; custom_padding=\u00bb||34px|||\u00bb global_colors_info=\u00bb{}\u00bb][et_pb_column type=\u00bb4_4&#8243; _builder_version=\u00bb4.16&#8243; global_colors_info=\u00bb{}\u00bb][et_pb_text admin_label=\u00bbTitle\u00bb _builder_version=\u00bb4.16&#8243; text_font=\u00bb||||||||\u00bb header_font=\u00bb||||||||\u00bb header_2_font=\u00bbPoppins|600|||||||\u00bb header_2_font_size=\u00bb36px\u00bb header_2_line_height=\u00bb1.2em\u00bb background_layout=\u00bbdark\u00bb animation_style=\u00bbfold\u00bb animation_direction=\u00bbleft\u00bb animation_intensity_fold=\u00bb10%\u00bb animation_starting_opacity=\u00bb100%\u00bb locked=\u00bboff\u00bb global_colors_info=\u00bb{}\u00bb]<\/p>\n<h2 class=\"wsite-content-title\" style=\"text-align: center\"><span style=\"color: #00164d\">Campa\u00f1as de Veteros Cl\u00ednica Veterinaria de Barcelona<\/span><\/h2>\n<p>[\/et_pb_text][et_pb_divider color=\u00bbgcid-cf4d5fad-6f37-4647-b6db-9cce13ff169f\u00bb divider_position=\u00bbcenter\u00bb divider_weight=\u00bb3px\u00bb _builder_version=\u00bb4.27.0&#8243; max_width=\u00bb50px\u00bb module_alignment=\u00bbcenter\u00bb animation_style=\u00bbslide\u00bb animation_direction=\u00bbtop\u00bb animation_intensity_slide=\u00bb10%\u00bb animation_starting_opacity=\u00bb100%\u00bb locked=\u00bboff\u00bb global_colors_info=\u00bb{%22gcid-cf4d5fad-6f37-4647-b6db-9cce13ff169f%22:%91%22color%22%93}\u00bb][\/et_pb_divider][et_pb_text _builder_version=\u00bb4.16&#8243; text_font=\u00bbPoppins||||||||\u00bb text_text_color=\u00bb#666666&#8243; text_font_size=\u00bb18px\u00bb text_line_height=\u00bb1.8em\u00bb custom_margin=\u00bb25px|||\u00bb animation_style=\u00bbfold\u00bb animation_direction=\u00bbleft\u00bb animation_intensity_fold=\u00bb10%\u00bb animation_starting_opacity=\u00bb100%\u00bb global_colors_info=\u00bb{}\u00bb]<\/p>\n<p style=\"text-align: center\">Nuestro m\u00e1ximo compromiso es garantizar el bienestar y la salud de las mascotas. Por eso realizamos campa\u00f1as peri\u00f3dicamente con informaci\u00f3n importante sobre el cuidado de los animales y promociones para mantener a tu fiel amigo sano y protegido de enfermedades.<\/p>\n<p>[\/et_pb_text][\/et_pb_column][\/et_pb_row][\/et_pb_section][et_pb_section fb_built=\u00bb1&#8243; _builder_version=\u00bb4.16&#8243; custom_padding=\u00bb0px||57px|||\u00bb global_colors_info=\u00bb{}\u00bb][et_pb_row _builder_version=\u00bb4.16&#8243; custom_padding=\u00bb||34px|||\u00bb global_colors_info=\u00bb{}\u00bb][et_pb_column type=\u00bb4_4&#8243; _builder_version=\u00bb4.16&#8243; global_colors_info=\u00bb{}\u00bb][et_pb_text _builder_version=\u00bb4.16&#8243; header_2_font=\u00bbPoppins|600|||||||\u00bb header_2_text_color=\u00bb#00164d\u00bb header_2_font_size=\u00bb36px\u00bb global_colors_info=\u00bb{}\u00bb]<\/p>\n<h2 style=\"text-align: center\">Nuestras Campa\u00f1as<\/h2>\n\n\n\n<div id=\"wpv-view-layout-2494-TCPID1071\" class=\"js-wpv-view-layout js-wpv-layout-responsive js-wpv-view-layout-2494-TCPID1071\" data-viewnumber=\"2494-TCPID1071\" data-pagination=\"{&quot;id&quot;:2494,&quot;query&quot;:&quot;normal&quot;,&quot;type&quot;:&quot;disabled&quot;,&quot;effect&quot;:&quot;fade&quot;,&quot;duration&quot;:500,&quot;speed&quot;:5,&quot;pause_on_hover&quot;:&quot;disabled&quot;,&quot;stop_rollover&quot;:&quot;false&quot;,&quot;cache_pages&quot;:&quot;enabled&quot;,&quot;preload_images&quot;:&quot;enabled&quot;,&quot;preload_pages&quot;:&quot;enabled&quot;,&quot;preload_reach&quot;:1,&quot;spinner&quot;:&quot;builtin&quot;,&quot;spinner_image&quot;:&quot;https:\/\/veterinariveteros.com\/wp-content\/plugins\/wp-views\/embedded\/res\/img\/ajax-loader.gif&quot;,&quot;callback_next&quot;:&quot;&quot;,&quot;manage_history&quot;:&quot;enabled&quot;,&quot;has_controls_in_form&quot;:&quot;disabled&quot;,&quot;infinite_tolerance&quot;:&quot;0&quot;,&quot;max_pages&quot;:0,&quot;page&quot;:1,&quot;base_permalink&quot;:&quot;\/es\/wp-json\/wp\/v2\/pages\/1071?wpv_view_count=2494-TCPID1071&amp;wpv_paged=WPV_PAGE_NUM&quot;,&quot;loop&quot;:{&quot;type&quot;:&quot;&quot;,&quot;name&quot;:&quot;&quot;,&quot;data&quot;:[],&quot;id&quot;:0}}\" data-permalink=\"\/es\/wp-json\/wp\/v2\/pages\/1071?wpv_view_count=2494-TCPID1071\">\n\n\t\n\t\n\t<ul class=\"wpv-loop js-wpv-loop lista-campanyes\">\n\t\t\n\t\t\t<li><p><a href=\"https:\/\/veterinariveteros.com\/es\/campanas\/esterilizacion-mascotas\/\">Esterilizaci\u00f3n mascotas<\/a><\/p>\n<\/li>\n\t\t\n\t\t\t<li><p><a href=\"https:\/\/veterinariveteros.com\/es\/campanas\/higiene-bucal\/\">Higiene Bucal<\/a><\/p>\n<\/li>\n\t\t\n\t\t\t<li><p><a href=\"https:\/\/veterinariveteros.com\/es\/campanas\/revision-geriatria\/\">Revisi\u00f3n geriatr\u00eda<\/a><\/p>\n<\/li>\n\t\t\n\t\t\t<li><p><a href=\"https:\/\/veterinariveteros.com\/es\/campanas\/parasitos\/\">Par\u00e1sitos<\/a><\/p>\n<\/li>\n\t\t\n\t\t\t<li><p><a href=\"https:\/\/veterinariveteros.com\/es\/campanas\/consejos-verano\/\">Consejos verano<\/a><\/p>\n<\/li>\n\t\t\n\t\t\t<li><p><a href=\"https:\/\/veterinariveteros.com\/es\/campanas\/miedo-petardos\/\">Miedo a los petardos<\/a><\/p>\n<\/li>\n\t\t\n\t\t\t<li><p><a href=\"https:\/\/veterinariveteros.com\/es\/campanas\/prevencion-leishmania\/\">Prevenci\u00f3n Leishmania<\/a><\/p>\n<\/li>\n\t\t\n\t\t\t<li><p><a href=\"https:\/\/veterinariveteros.com\/es\/campanas\/identificacion-mascotas\/\">Identificaci\u00f3n mascotas<\/a><\/p>\n<\/li>\n\t\t\n\t<\/ul>\n\t\n\t\n\t\n<\/div>\n\n<p>[\/et_pb_text][\/et_pb_column][\/et_pb_row][\/et_pb_section]<\/p>\n","protected":false},"excerpt":{"rendered":"<p>Campa\u00f1asCampa\u00f1as de Veteros Cl\u00ednica Veterinaria de BarcelonaNuestro m\u00e1ximo compromiso es garantizar el bienestar y la salud de las mascotas. Por eso realizamos campa\u00f1as peri\u00f3dicamente con informaci\u00f3n importante sobre el cuidado de los animales y promociones para mantener a tu fiel amigo sano y protegido de enfermedades.Nuestras Campa\u00f1as \n\n\n<div id=\"wpv-view-layout-2494-TCPID1071\" class=\"js-wpv-view-layout js-wpv-layout-responsive js-wpv-view-layout-2494-TCPID1071\" data-viewnumber=\"2494-TCPID1071\" data-pagination=\"{&quot;id&quot;:2494,&quot;query&quot;:&quot;normal&quot;,&quot;type&quot;:&quot;disabled&quot;,&quot;effect&quot;:&quot;fade&quot;,&quot;duration&quot;:500,&quot;speed&quot;:5,&quot;pause_on_hover&quot;:&quot;disabled&quot;,&quot;stop_rollover&quot;:&quot;false&quot;,&quot;cache_pages&quot;:&quot;enabled&quot;,&quot;preload_images&quot;:&quot;enabled&quot;,&quot;preload_pages&quot;:&quot;enabled&quot;,&quot;preload_reach&quot;:1,&quot;spinner&quot;:&quot;builtin&quot;,&quot;spinner_image&quot;:&quot;https:\/\/veterinariveteros.com\/wp-content\/plugins\/wp-views\/embedded\/res\/img\/ajax-loader.gif&quot;,&quot;callback_next&quot;:&quot;&quot;,&quot;manage_history&quot;:&quot;enabled&quot;,&quot;has_controls_in_form&quot;:&quot;disabled&quot;,&quot;infinite_tolerance&quot;:&quot;0&quot;,&quot;max_pages&quot;:0,&quot;page&quot;:1,&quot;base_permalink&quot;:&quot;\/es\/wp-json\/wp\/v2\/pages\/1071?wpv_view_count=2494-TCPID1071&amp;wpv_paged=WPV_PAGE_NUM&quot;,&quot;loop&quot;:{&quot;type&quot;:&quot;&quot;,&quot;name&quot;:&quot;&quot;,&quot;data&quot;:[],&quot;id&quot;:0}}\" data-permalink=\"\/es\/wp-json\/wp\/v2\/pages\/1071?wpv_view_count=2494-TCPID1071\">\n\n\t\n\t\n\t<ul class=\"wpv-loop js-wpv-loop lista-campanyes\">\n\t\t\n\t\t\t<li><p><a href=\"https:\/\/veterinariveteros.com\/es\/campanas\/esterilizacion-mascotas\/\">Esterilizaci\u00f3n mascotas<\/a><\/p>\n<\/li>\n\t\t\n\t\t\t<li><p><a href=\"https:\/\/veterinariveteros.com\/es\/campanas\/higiene-bucal\/\">Higiene Bucal<\/a><\/p>\n<\/li>\n\t\t\n\t\t\t<li><p><a href=\"https:\/\/veterinariveteros.com\/es\/campanas\/revision-geriatria\/\">Revisi\u00f3n geriatr\u00eda<\/a><\/p>\n<\/li>\n\t\t\n\t\t\t<li><p><a href=\"https:\/\/veterinariveteros.com\/es\/campanas\/parasitos\/\">Par\u00e1sitos<\/a><\/p>\n<\/li>\n\t\t\n\t\t\t<li><p><a href=\"https:\/\/veterinariveteros.com\/es\/campanas\/consejos-verano\/\">Consejos verano<\/a><\/p>\n<\/li>\n\t\t\n\t\t\t<li><p><a href=\"https:\/\/veterinariveteros.com\/es\/campanas\/miedo-petardos\/\">Miedo a los petardos<\/a><\/p>\n<\/li>\n\t\t\n\t\t\t<li><p><a href=\"https:\/\/veterinariveteros.com\/es\/campanas\/prevencion-leishmania\/\">Prevenci\u00f3n Leishmania<\/a><\/p>\n<\/li>\n\t\t\n\t\t\t<li><p><a href=\"https:\/\/veterinariveteros.com\/es\/campanas\/identificacion-mascotas\/\">Identificaci\u00f3n mascotas<\/a><\/p>\n<\/li>\n\t\t\n\t<\/ul>\n\t\n\t\n\t\n<\/div>\n<\/p>\n","protected":false},"author":4,"featured_media":0,"parent":0,"menu_order":0,"comment_status":"closed","ping_status":"closed","template":"","meta":{"_et_pb_use_builder":"on","_et_pb_old_content":"","_et_gb_content_width":"","footnotes":""},"estat":[],"class_list":["post-1071","page","type-page","status-publish","hentry"],"yoast_head":"<!-- This site is optimized with the Yoast SEO plugin v27.1.1 - https:\/\/yoast.com\/product\/yoast-seo-wordpress\/ -->\n<title>Campa\u00f1as de Veteros Cl\u00ednica Veterinaria de Barcelona<\/title>\n<meta name=\"description\" content=\"Campa\u00f1as, informaci\u00f3n y promociones en nuestra cl\u00ednica veterinaria del Eixample de Barcelona para mantener a tu mascota sana.\" \/>\n<meta name=\"robots\" content=\"index, follow, max-snippet:-1, max-image-preview:large, max-video-preview:-1\" \/>\n<link rel=\"canonical\" href=\"https:\/\/veterinariveteros.com\/es\/campanas\/\" \/>\n<meta property=\"og:locale\" content=\"es_ES\" \/>\n<meta property=\"og:type\" content=\"article\" \/>\n<meta property=\"og:title\" content=\"Campa\u00f1as de Veteros Cl\u00ednica Veterinaria de Barcelona\" \/>\n<meta property=\"og:description\" content=\"Campa\u00f1as, informaci\u00f3n y promociones en nuestra cl\u00ednica veterinaria del Eixample de Barcelona para mantener a tu mascota sana.\" \/>\n<meta property=\"og:url\" content=\"https:\/\/veterinariveteros.com\/es\/campanas\/\" \/>\n<meta property=\"og:site_name\" content=\"Cl\u00ednica Veterinaria Veteros\" \/>\n<meta property=\"article:modified_time\" content=\"2026-03-02T22:39:28+00:00\" \/>\n<meta name=\"twitter:card\" content=\"summary_large_image\" \/>\n<meta name=\"twitter:label1\" content=\"Tiempo de lectura\" \/>\n\t<meta name=\"twitter:data1\" content=\"1 minuto\" \/>\n<script type=\"application\/ld+json\" class=\"yoast-schema-graph\">{\"@context\":\"https:\/\/schema.org\",\"@graph\":[{\"@type\":\"WebPage\",\"@id\":\"https:\/\/veterinariveteros.com\/es\/campanas\/\",\"url\":\"https:\/\/veterinariveteros.com\/es\/campanas\/\",\"name\":\"Campa\u00f1as de Veteros Cl\u00ednica Veterinaria de Barcelona\",\"isPartOf\":{\"@id\":\"https:\/\/veterinariveteros.com\/es\/#website\"},\"datePublished\":\"2019-11-08T14:03:39+00:00\",\"dateModified\":\"2026-03-02T22:39:28+00:00\",\"description\":\"Campa\u00f1as, informaci\u00f3n y promociones en nuestra cl\u00ednica veterinaria del Eixample de Barcelona para mantener a tu mascota sana.\",\"breadcrumb\":{\"@id\":\"https:\/\/veterinariveteros.com\/es\/campanas\/#breadcrumb\"},\"inLanguage\":\"es\",\"potentialAction\":[{\"@type\":\"ReadAction\",\"target\":[\"https:\/\/veterinariveteros.com\/es\/campanas\/\"]}]},{\"@type\":\"BreadcrumbList\",\"@id\":\"https:\/\/veterinariveteros.com\/es\/campanas\/#breadcrumb\",\"itemListElement\":[{\"@type\":\"ListItem\",\"position\":1,\"name\":\"Home\",\"item\":\"https:\/\/veterinariveteros.com\/es\/\"},{\"@type\":\"ListItem\",\"position\":2,\"name\":\"Campa\u00f1as\"}]},{\"@type\":\"WebSite\",\"@id\":\"https:\/\/veterinariveteros.com\/es\/#website\",\"url\":\"https:\/\/veterinariveteros.com\/es\/\",\"name\":\"Cl\u00ednica Veterinaria Veteros\",\"description\":\"Cl\u00ednica Veterinaria Veteros\",\"publisher\":{\"@id\":\"https:\/\/veterinariveteros.com\/es\/#organization\"},\"potentialAction\":[{\"@type\":\"SearchAction\",\"target\":{\"@type\":\"EntryPoint\",\"urlTemplate\":\"https:\/\/veterinariveteros.com\/es\/?s={search_term_string}\"},\"query-input\":{\"@type\":\"PropertyValueSpecification\",\"valueRequired\":true,\"valueName\":\"search_term_string\"}}],\"inLanguage\":\"es\"},{\"@type\":\"Organization\",\"@id\":\"https:\/\/veterinariveteros.com\/es\/#organization\",\"name\":\"Centre Veterinari Veteros\",\"url\":\"https:\/\/veterinariveteros.com\/es\/\",\"logo\":{\"@type\":\"ImageObject\",\"inLanguage\":\"es\",\"@id\":\"https:\/\/veterinariveteros.com\/es\/#\/schema\/logo\/image\/\",\"url\":\"https:\/\/veterinariveteros.com\/wp-content\/uploads\/2019\/11\/Grup-Riera-alta-Logotipo-1.jpg\",\"contentUrl\":\"https:\/\/veterinariveteros.com\/wp-content\/uploads\/2019\/11\/Grup-Riera-alta-Logotipo-1.jpg\",\"width\":468,\"height\":138,\"caption\":\"Centre Veterinari Veteros\"},\"image\":{\"@id\":\"https:\/\/veterinariveteros.com\/es\/#\/schema\/logo\/image\/\"}}]}<\/script>\n<!-- \/ Yoast SEO plugin. -->","yoast_head_json":{"title":"Campa\u00f1as de Veteros Cl\u00ednica Veterinaria de Barcelona","description":"Campa\u00f1as, informaci\u00f3n y promociones en nuestra cl\u00ednica veterinaria del Eixample de Barcelona para mantener a tu mascota sana.","robots":{"index":"index","follow":"follow","max-snippet":"max-snippet:-1","max-image-preview":"max-image-preview:large","max-video-preview":"max-video-preview:-1"},"canonical":"https:\/\/veterinariveteros.com\/es\/campanas\/","og_locale":"es_ES","og_type":"article","og_title":"Campa\u00f1as de Veteros Cl\u00ednica Veterinaria de Barcelona","og_description":"Campa\u00f1as, informaci\u00f3n y promociones en nuestra cl\u00ednica veterinaria del Eixample de Barcelona para mantener a tu mascota sana.","og_url":"https:\/\/veterinariveteros.com\/es\/campanas\/","og_site_name":"Cl\u00ednica Veterinaria Veteros","article_modified_time":"2026-03-02T22:39:28+00:00","twitter_card":"summary_large_image","twitter_misc":{"Tiempo de lectura":"1 minuto"},"schema":{"@context":"https:\/\/schema.org","@graph":[{"@type":"WebPage","@id":"https:\/\/veterinariveteros.com\/es\/campanas\/","url":"https:\/\/veterinariveteros.com\/es\/campanas\/","name":"Campa\u00f1as de Veteros Cl\u00ednica Veterinaria de Barcelona","isPartOf":{"@id":"https:\/\/veterinariveteros.com\/es\/#website"},"datePublished":"2019-11-08T14:03:39+00:00","dateModified":"2026-03-02T22:39:28+00:00","description":"Campa\u00f1as, informaci\u00f3n y promociones en nuestra cl\u00ednica veterinaria del Eixample de Barcelona para mantener a tu mascota sana.","breadcrumb":{"@id":"https:\/\/veterinariveteros.com\/es\/campanas\/#breadcrumb"},"inLanguage":"es","potentialAction":[{"@type":"ReadAction","target":["https:\/\/veterinariveteros.com\/es\/campanas\/"]}]},{"@type":"BreadcrumbList","@id":"https:\/\/veterinariveteros.com\/es\/campanas\/#breadcrumb","itemListElement":[{"@type":"ListItem","position":1,"name":"Home","item":"https:\/\/veterinariveteros.com\/es\/"},{"@type":"ListItem","position":2,"name":"Campa\u00f1as"}]},{"@type":"WebSite","@id":"https:\/\/veterinariveteros.com\/es\/#website","url":"https:\/\/veterinariveteros.com\/es\/","name":"Cl\u00ednica Veterinaria Veteros","description":"Cl\u00ednica Veterinaria Veteros","publisher":{"@id":"https:\/\/veterinariveteros.com\/es\/#organization"},"potentialAction":[{"@type":"SearchAction","target":{"@type":"EntryPoint","urlTemplate":"https:\/\/veterinariveteros.com\/es\/?s={search_term_string}"},"query-input":{"@type":"PropertyValueSpecification","valueRequired":true,"valueName":"search_term_string"}}],"inLanguage":"es"},{"@type":"Organization","@id":"https:\/\/veterinariveteros.com\/es\/#organization","name":"Centre Veterinari Veteros","url":"https:\/\/veterinariveteros.com\/es\/","logo":{"@type":"ImageObject","inLanguage":"es","@id":"https:\/\/veterinariveteros.com\/es\/#\/schema\/logo\/image\/","url":"https:\/\/veterinariveteros.com\/wp-content\/uploads\/2019\/11\/Grup-Riera-alta-Logotipo-1.jpg","contentUrl":"https:\/\/veterinariveteros.com\/wp-content\/uploads\/2019\/11\/Grup-Riera-alta-Logotipo-1.jpg","width":468,"height":138,"caption":"Centre Veterinari Veteros"},"image":{"@id":"https:\/\/veterinariveteros.com\/es\/#\/schema\/logo\/image\/"}}]}},"_links":{"self":[{"href":"https:\/\/veterinariveteros.com\/es\/wp-json\/wp\/v2\/pages\/1071","targetHints":{"allow":["GET"]}}],"collection":[{"href":"https:\/\/veterinariveteros.com\/es\/wp-json\/wp\/v2\/pages"}],"about":[{"href":"https:\/\/veterinariveteros.com\/es\/wp-json\/wp\/v2\/types\/page"}],"author":[{"embeddable":true,"href":"https:\/\/veterinariveteros.com\/es\/wp-json\/wp\/v2\/users\/4"}],"replies":[{"embeddable":true,"href":"https:\/\/veterinariveteros.com\/es\/wp-json\/wp\/v2\/comments?post=1071"}],"version-history":[{"count":0,"href":"https:\/\/veterinariveteros.com\/es\/wp-json\/wp\/v2\/pages\/1071\/revisions"}],"wp:attachment":[{"href":"https:\/\/veterinariveteros.com\/es\/wp-json\/wp\/v2\/media?parent=1071"}],"wp:term":[{"taxonomy":"estat","embeddable":true,"href":"https:\/\/veterinariveteros.com\/es\/wp-json\/wp\/v2\/estat?post=1071"}],"curies":[{"name":"wp","href":"https:\/\/api.w.org\/{rel}","templated":true}]}}