{"id":1083,"date":"2019-11-08T16:02:22","date_gmt":"2019-11-08T15:02:22","guid":{"rendered":"https:\/\/veterinariveteros.com\/?page_id=1083"},"modified":"2024-06-13T23:06:21","modified_gmt":"2024-06-13T21:06:21","slug":"aviso-legal","status":"publish","type":"page","link":"https:\/\/veterinariveteros.com\/es\/aviso-legal\/","title":{"rendered":"Aviso legal"},"content":{"rendered":"<p>[et_pb_section fb_built=\u00bb1&#8243; admin_label=\u00bbPage Title Section\u00bb _builder_version=\u00bb4.16&#8243; use_background_color_gradient=\u00bbon\u00bb background_color_gradient_direction=\u00bb120deg\u00bb background_color_gradient_stops=\u00bb#00164d 0%|rgba(0,0,0,0) 100%\u00bb background_color_gradient_overlays_image=\u00bbon\u00bb background_color_gradient_start=\u00bb#00164d\u00bb background_color_gradient_end=\u00bbrgba(0,0,0,0)\u00bb background_image=\u00bbhttps:\/\/veterinariveteros.com\/wp-content\/uploads\/sites\/6\/2019\/11\/laptop-3196481_1280.jpg\u00bb custom_padding=\u00bb110px||110px|\u00bb global_colors_info=\u00bb{}\u00bb][et_pb_row column_structure=\u00bb1_2,1_2&#8243; admin_label=\u00bbPage Title Area\u00bb _builder_version=\u00bb4.16&#8243; background_size=\u00bbinitial\u00bb background_position=\u00bbtop_left\u00bb background_repeat=\u00bbrepeat\u00bb global_colors_info=\u00bb{}\u00bb][et_pb_column type=\u00bb1_2&#8243; _builder_version=\u00bb4.16&#8243; custom_padding=\u00bb|||\u00bb global_colors_info=\u00bb{}\u00bb custom_padding__hover=\u00bb|||\u00bb][et_pb_text admin_label=\u00bbTitle\u00bb _builder_version=\u00bb4.16&#8243; text_font=\u00bb||||||||\u00bb header_font=\u00bbPoppins|600|||||||\u00bb header_font_size=\u00bb60px\u00bb header_line_height=\u00bb1.2em\u00bb header_2_font=\u00bb||||||||\u00bb header_2_font_size=\u00bb60px\u00bb background_layout=\u00bbdark\u00bb custom_margin=\u00bb||20px|\u00bb custom_padding=\u00bb|||\u00bb animation_style=\u00bbfade\u00bb header_font_size_tablet=\u00bb\u00bb header_font_size_phone=\u00bb40px\u00bb header_font_size_last_edited=\u00bbon|phone\u00bb global_colors_info=\u00bb{}\u00bb]<\/p>\n<h1>Aviso legal<\/h1>\n<p>[\/et_pb_text][\/et_pb_column][et_pb_column type=\u00bb1_2&#8243; _builder_version=\u00bb4.16&#8243; custom_padding=\u00bb|||\u00bb global_colors_info=\u00bb{}\u00bb custom_padding__hover=\u00bb|||\u00bb][\/et_pb_column][\/et_pb_row][\/et_pb_section][et_pb_section fb_built=\u00bb1&#8243; _builder_version=\u00bb4.16&#8243; custom_padding=\u00bb95px||131px|||\u00bb global_colors_info=\u00bb{}\u00bb][et_pb_row _builder_version=\u00bb4.16&#8243; custom_padding=\u00bb||34px|||\u00bb global_colors_info=\u00bb{}\u00bb][et_pb_column type=\u00bb4_4&#8243; _builder_version=\u00bb4.16&#8243; global_colors_info=\u00bb{}\u00bb][et_pb_text admin_label=\u00bbTitle\u00bb _builder_version=\u00bb4.16&#8243; text_font=\u00bb||||||||\u00bb header_font=\u00bb||||||||\u00bb header_2_font=\u00bbPoppins|600|||||||\u00bb header_2_font_size=\u00bb36px\u00bb header_2_line_height=\u00bb1.2em\u00bb background_layout=\u00bbdark\u00bb animation_style=\u00bbfold\u00bb animation_direction=\u00bbleft\u00bb animation_intensity_fold=\u00bb10%\u00bb animation_starting_opacity=\u00bb100%\u00bb locked=\u00bboff\u00bb global_colors_info=\u00bb{}\u00bb]<\/p>\n<h2 class=\"wsite-content-title\" style=\"text-align: center\"><span style=\"color: #00164d\">Identificaci\u00f3n y Titularidad<\/span><\/h2>\n<p>[\/et_pb_text][et_pb_divider color=\u00bb#008d00&#8243; divider_position=\u00bbcenter\u00bb divider_weight=\u00bb3px\u00bb _builder_version=\u00bb4.16&#8243; max_width=\u00bb50px\u00bb module_alignment=\u00bbcenter\u00bb animation_style=\u00bbslide\u00bb animation_direction=\u00bbtop\u00bb animation_intensity_slide=\u00bb10%\u00bb animation_starting_opacity=\u00bb100%\u00bb locked=\u00bboff\u00bb global_colors_info=\u00bb{}\u00bb][\/et_pb_divider][et_pb_text _builder_version=\u00bb4.16&#8243; global_colors_info=\u00bb{}\u00bb]<\/p>\n<p id=\"wnd_TextBlock_690963_inner_1\">En cumplimiento del art\u00edculo 10 de la Ley 34\/2002, de 11 de julio, de Servicios de la Sociedad de la Informaci\u00f3n y Comercio Electr\u00f3nico, a continuaci\u00f3n se exponen los datos identificativos del titular.<\/p>\n<ul id=\"wnd_TextBlock_690963_inner_2\">\n<li><strong>Titular:<\/strong> <span>IVETEROS S.L.<\/span><\/li>\n<li><strong>NIF\/CIF:<\/strong> <span>B66206095<\/span><\/li>\n<li><strong>Domicilio:<\/strong> <span>Calle Arag\u00f3n 39, Barcelona<\/span><\/li>\n<li><strong>Correo electr\u00f3nico:<\/strong><span> info@veterinariveteros.com<\/span><\/li>\n<li><strong>Tel\u00e9fono<\/strong>: <span>932 262 392<\/span><\/li>\n<\/ul>\n<p>&nbsp;<\/p>\n<h2 id=\"wnd_TextBlock_77591_inner_0\"><span style=\"color: #00164d\"><strong><span class=\"wsw-19\">Finalidad<\/span><\/strong><\/span><\/h2>\n<p id=\"wnd_TextBlock_77591_inner_1\">La finalidad del sitio web veterinariveteros.com es Informar sobre veterinaria, los servicios veterinarios del centro veterinario, as\u00ed como de campa\u00f1as y art\u00edculos para mascotas.<\/p>\n<p id=\"wnd_TextBlock_77591_inner_1\"><strong style=\"color: #00164d;font-size: 26px\"><span class=\"wsw-19\">Condiciones de uso<\/span><\/strong><\/p>\n<p>La utilizaci\u00f3n de www.veterinariveteros.com otorga la condici\u00f3n de usuario de la p\u00e1gina web, e implica la aceptaci\u00f3n completa de todas las cl\u00e1usulas y condiciones incluidas en:<\/p>\n<ul>\n<li>Aviso Legal<\/li>\n<li>Pol\u00edtica de Privacidad<\/li>\n<li>Pol\u00edtica de Cookies<\/li>\n<\/ul>\n<p>Si el usuario no est\u00e1 conforme con estas cl\u00e1usulas y condiciones de uso de este Aviso Legal, se abstendr\u00e1 de utilizar el sitio www.veterinariveteros.com.<\/p>\n<p>El usuario queda informado, y acepta, que el acceso a www.veterinariveteros.com no supone, en modo alguno, el inicio de una relaci\u00f3n comercial con Cl\u00ednica Veterinaria Veteros.<\/p>\n<p>A trav\u00e9s de www.veterinariveteros.com,Cl\u00ednica Veterinaria Veteros facilita al usuario el acceso y la utilizaci\u00f3n de diversos contenidos publicados por medio de Internet.<\/p>\n<p>A tal efecto, el usuario se obliga y se compromete a NO utilizar cualquiera de los contenidos con fines o efectos il\u00edcitos, prohibidos en el Aviso Legal o por la legislaci\u00f3n vigente, lesivos de los derechos e intereses de terceros, o que de cualquier forma puedan da\u00f1ar, inutilizar, sobrecargar, deteriorar o impedir la normal utilizaci\u00f3n de los Contenidos, los equipos inform\u00e1ticos o los documentos, archivos y toda clase de contenidos almacenados en cualquier equipo inform\u00e1tico propios o contratados por Nombre, de otros usuarios o de cualquier usuario de Internet.<\/p>\n<h2 id=\"wnd_TextBlock_77591_inner_9\"><span style=\"color: #00164d\"><strong><span class=\"wsw-19\">Medidas de seguridad<\/span><\/strong><\/span><\/h2>\n<p id=\"wnd_TextBlock_77591_inner_10\">Los datos personales comunicados por el usuario a Cl\u00ednica Veterinaria Veteros pueden ser almacenados en bases de datos automatizadas o no, cuya titularidad corresponde en exclusiva a Cl\u00ednica Veterinaria Veteros, asumiendo esta todas las medidas de \u00edndole t\u00e9cnica, organizativa y de seguridad que garantizan la confidencialidad, integridad y calidad de la informaci\u00f3n contenida en las mismas de acuerdo con lo establecido en la normativa vigente en protecci\u00f3n de datos.<\/p>\n<p id=\"wnd_TextBlock_77591_inner_11\">No obstante, el usuario debe ser consciente de que las medidas de seguridad de los sistemas inform\u00e1ticos en Internet no son enteramente fiables y que, por tanto Cl\u00ednica Veterinaria Veteros no puede garantizar la inexistencia de virus u otros elementos que puedan producir alteraciones en los sistemas inform\u00e1ticos (software y hardware) del usuario o en sus documentos electr\u00f3nicos y ficheros contenidos en los mismos aunque se ponen todos los medios necesarios y las medidas de seguridad oportunas para evitar la presencia de estos elementos da\u00f1inos.<\/p>\n<h2 id=\"wnd_TextBlock_77591_inner_12\"><span style=\"color: #00164d\"><strong><span class=\"wsw-19\">Contenidos<\/span><\/strong><\/span><\/h2>\n<p id=\"wnd_TextBlock_77591_inner_13\">Cl\u00ednica Veterinaria Veteros ha obtenido la informaci\u00f3n y los materiales incluidos en internet de fuentes que considera fiables, pero, si bien se han tomado medidas razonables para asegurarse de que la informaci\u00f3n contenida es correcta, Cl\u00ednica Veterinaria Veteros no garantiza que sea exacta, completa, o actualizada. Cl\u00ednica Veterinaria Veteros declina expresamente cualquier responsabilidad por error u omisi\u00f3n en la informaci\u00f3n contenida en las p\u00e1ginas de www.veterinariveteros.com.<\/p>\n<p id=\"wnd_TextBlock_77591_inner_14\">Queda prohibido transmitir o enviar a trav\u00e9s de la Web cualquier contenido ilegal o il\u00edcito, virus inform\u00e1ticos, o mensajes que, en general, afecten o violen derechos de Cl\u00ednica Veterinaria Veteros o de terceros.<\/p>\n<p id=\"wnd_TextBlock_77591_inner_15\">Los contenidos de www.veterinariveteros.com tienen \u00fanicamente finalidad informativa y bajo ninguna circunstancia deben usarse ni considerarse como oferta de venta, solicitud de una oferta de compra ni recomendaci\u00f3n para realizar cualquier otra operaci\u00f3n, salvo que as\u00ed se indique expresamente.<\/p>\n<p id=\"wnd_TextBlock_77591_inner_16\">Cl\u00ednica Veterinaria Veteros se reserva el derecho a modificar, suspender, cancelar o restringir el contenido de www.veterinariveteros.com, los v\u00ednculos o la informaci\u00f3n obtenida a trav\u00e9s de ella, sin necesidad de previo aviso.<\/p>\n<p id=\"wnd_TextBlock_77591_inner_17\">Cl\u00ednica Veterinaria Veteros no es responsable de los datos y perjuicios que pudieran derivarse de la utilizaci\u00f3n de los documentos por el usuario.<\/p>\n<p id=\"wnd_TextBlock_77591_inner_19\">\n<h2 id=\"wnd_TextBlock_77591_inner_20\"><span style=\"color: #00164d\"><strong><span class=\"wsw-19\">Enlaces de acceso a otros sitios web<\/span><\/strong><\/span><\/h2>\n<p id=\"wnd_TextBlock_77591_inner_21\">Cl\u00ednica Veterinaria Veteros proporciona al usuario el acceso a otros sitios Web de terceros mediante enlaces con la finalidad exclusiva de informarle sobre la existencia de otras fuentes de informaci\u00f3n en Internet con las que podr\u00e1 ampliar los datos que se le ofrecen en www.veterinariveteros.com.<\/p>\n<p id=\"wnd_TextBlock_77591_inner_22\">Estos enlaces a otros sitios web no suponen en ning\u00fan caso una sugerencia o recomendaci\u00f3n de visitar las p\u00e1ginas web de destino, que est\u00e1n fuera del control de Cl\u00ednica Veterinaria Veteros, por lo que Centro Veterinario Villarroel no es responsable del contenido de los sitios web vinculados ni del resultado obtenido por el usuario al seguir los enlaces.<\/p>\n<p id=\"wnd_TextBlock_77591_inner_23\">Asimismo, Cl\u00ednica Veterinaria Veteros no responde de los links o enlaces ubicados en los sitios vinculados a los que proporciona acceso.<\/p>\n<p id=\"wnd_TextBlock_77591_inner_24\">El establecimiento del enlace no implica en ning\u00fan caso la existencia de relaciones entre Cl\u00ednica Veterinaria Veteros y el propietario del sitio en el que se establezca el enlace, ni la aceptaci\u00f3n o aprobaci\u00f3n por parte de Cl\u00ednica Veterinaria Veteros de sus contenidos o servicios.<\/p>\n<p id=\"wnd_TextBlock_77591_inner_25\">Si accedes a un sitio externo desde un enlace que encuentres en www.veterinariveteros.com deber\u00e1s leer la propia pol\u00edtica de privacidad del otro sitio, que puede cambiar de la de www.veterinariveteros.com.<\/p>\n<h2 id=\"wnd_TextBlock_77591_inner_26\"><span style=\"color: #00164d\"><strong><span class=\"wsw-19\">Propiedad intelectual e industrial<\/span><\/strong><\/span><\/h2>\n<p id=\"wnd_TextBlock_77591_inner_27\"><span>Todos los derechos est\u00e1n reservados. Todo acceso a www.veterinariveteros.com est\u00e1 sujeto a las siguientes condiciones: la reproducci\u00f3n, almacenaje permanente y la difusi\u00f3n de los contenidos o cualquier otro uso que tenga finalidad p\u00fablica o comercial queda expresamente prohibida sin el consentimiento previo expreso y por escrito de Cl\u00ednica Veterinaria Veteros.<\/span><\/p>\n<h2 id=\"wnd_TextBlock_77591_inner_28\"><span style=\"color: #00164d\"><strong><span class=\"wsw-19\">Limitaci\u00f3n de responsabilidad<\/span><\/strong><\/span><\/h2>\n<p id=\"wnd_TextBlock_77591_inner_29\">La informaci\u00f3n y servicios incluidos o disponibles a trav\u00e9s del sitio www.veterinariveteros.com pueden incluir incorrecciones o errores tipogr\u00e1ficos. De forma peri\u00f3dica se incorporan cambios a la informaci\u00f3n contenida. Cl\u00ednica Veterinaria Veteros puede introducir en cualquier momento mejoras y\/o cambios en los servicios o contenidos.<\/p>\n<p id=\"wnd_TextBlock_77591_inner_30\">Cl\u00ednica Veterinaria Veteros declina cualquier responsabilidad en caso de que existan interrupciones o un mal funcionamiento de los servicios o contenidos ofrecidos en Internet, cualquiera que sea su causa. Asimismo, Nombre no se hace responsable por ca\u00eddas de la red, p\u00e9rdidas de negocio a consecuencia de dichas ca\u00eddas, suspensiones temporales de fluido el\u00e9ctrico o cualquier otro tipo de da\u00f1o indirecto que le pueda ser causado al usuario por causas ajenas a Cl\u00ednica Veterinaria Veteros.\u00a0<\/p>\n<p id=\"wnd_TextBlock_77591_inner_31\">Cl\u00ednica Veterinaria Veteros no declara ni garantiza que los servicios o contenidos sean interrumpidos o que est\u00e9n libres de errores, que los defectos sean corregidos, o que el servicio o el servidor que lo pone a disposici\u00f3n est\u00e9n libres de virus u otros componentes nocivos sin perjuicio de que Cl\u00ednica Veterinaria Veteros realiza sus mejores esfuerzos en evitar este tipo de incidentes. En caso de que el usuario tomara determinadas decisiones o realizara acciones con base a la informaci\u00f3n incluida en cualquiera de los sitios Web, se recomienda la comprobaci\u00f3n de la informaci\u00f3n recibida con otras fuentes.<\/p>\n<h2 id=\"wnd_TextBlock_77591_inner_32\"><span style=\"color: #00164d\"><strong><span class=\"wsw-19\">Jurisdicci\u00f3n<\/span><\/strong><\/span><\/h2>\n<p id=\"wnd_TextBlock_77591_inner_33\">Este Aviso Legal se rige \u00edntegramente por la legislaci\u00f3n espa\u00f1ola.<\/p>\n<p id=\"wnd_TextBlock_77591_inner_34\">Siempre que no haya una norma que obligue a otra cosa, para cuantas cuestiones se susciten sobre la interpretaci\u00f3n, aplicaci\u00f3n y cumplimiento de este Aviso Legal, as\u00ed como de las reclamaciones que puedan derivarse de su uso, las partes acuerdan someterse a los Jueces y Tribunales de la provincia de Barcelona, con renuncia expresa de cualquier otra jurisdicci\u00f3n que pudiera corresponderles.<\/p>\n<h2 id=\"wnd_TextBlock_77591_inner_35\"><span style=\"color: #00164d\"><strong><span class=\"wsw-19\">Contacto<\/span><\/strong><\/span><\/h2>\n<p>En caso de que cualquier usuario tuviese alguna duda acerca de estas condiciones legales o cualquier comentario sobre www.veterinariveteros.com, puede enviar un correo a <span>info@veterinariveteros.com<\/span><\/p>\n<p>[\/et_pb_text][\/et_pb_column][\/et_pb_row][\/et_pb_section]<\/p>\n","protected":false},"excerpt":{"rendered":"<p>Aviso legalIdentificaci\u00f3n y TitularidadEn cumplimiento del art\u00edculo 10 de la Ley 34\/2002, de 11 de julio, de Servicios de la Sociedad de la Informaci\u00f3n y Comercio Electr\u00f3nico, a continuaci\u00f3n se exponen los datos identificativos del titular. Titular: IVETEROS S.L. NIF\/CIF: B66206095 Domicilio: Calle Arag\u00f3n 39, Barcelona Correo electr\u00f3nico: info@veterinariveteros.com Tel\u00e9fono: 932 262 392 &nbsp; Finalidad [&hellip;]<\/p>\n","protected":false},"author":4,"featured_media":0,"parent":0,"menu_order":0,"comment_status":"closed","ping_status":"closed","template":"","meta":{"_et_pb_use_builder":"on","_et_pb_old_content":"","_et_gb_content_width":"","footnotes":""},"estat":[],"class_list":["post-1083","page","type-page","status-publish","hentry"],"yoast_head":"<!-- This site is optimized with the Yoast SEO plugin v27.1.1 - https:\/\/yoast.com\/product\/yoast-seo-wordpress\/ -->\n<title>Aviso legal - Cl\u00ednica Veterinaria Veteros<\/title>\n<meta name=\"robots\" content=\"noindex, follow\" \/>\n<meta property=\"og:locale\" content=\"es_ES\" \/>\n<meta property=\"og:type\" content=\"article\" \/>\n<meta property=\"og:title\" content=\"Aviso legal - Cl\u00ednica Veterinaria Veteros\" \/>\n<meta property=\"og:description\" content=\"Aviso legalIdentificaci\u00f3n y TitularidadEn cumplimiento del art\u00edculo 10 de la Ley 34\/2002, de 11 de julio, de Servicios de la Sociedad de la Informaci\u00f3n y Comercio Electr\u00f3nico, a continuaci\u00f3n se exponen los datos identificativos del titular. Titular: IVETEROS S.L. NIF\/CIF: B66206095 Domicilio: Calle Arag\u00f3n 39, Barcelona Correo electr\u00f3nico: info@veterinariveteros.com Tel\u00e9fono: 932 262 392 &nbsp; Finalidad [&hellip;]\" \/>\n<meta property=\"og:url\" content=\"https:\/\/veterinariveteros.com\/es\/aviso-legal\/\" \/>\n<meta property=\"og:site_name\" content=\"Cl\u00ednica Veterinaria Veteros\" \/>\n<meta property=\"article:modified_time\" content=\"2024-06-13T21:06:21+00:00\" \/>\n<meta name=\"twitter:card\" content=\"summary_large_image\" \/>\n<meta name=\"twitter:label1\" content=\"Tiempo de lectura\" \/>\n\t<meta name=\"twitter:data1\" content=\"8 minutos\" \/>\n<script type=\"application\/ld+json\" class=\"yoast-schema-graph\">{\"@context\":\"https:\/\/schema.org\",\"@graph\":[{\"@type\":\"WebPage\",\"@id\":\"https:\/\/veterinariveteros.com\/es\/aviso-legal\/\",\"url\":\"https:\/\/veterinariveteros.com\/es\/aviso-legal\/\",\"name\":\"Aviso legal - Cl\u00ednica Veterinaria Veteros\",\"isPartOf\":{\"@id\":\"https:\/\/veterinariveteros.com\/es\/#website\"},\"datePublished\":\"2019-11-08T15:02:22+00:00\",\"dateModified\":\"2024-06-13T21:06:21+00:00\",\"breadcrumb\":{\"@id\":\"https:\/\/veterinariveteros.com\/es\/aviso-legal\/#breadcrumb\"},\"inLanguage\":\"es\",\"potentialAction\":[{\"@type\":\"ReadAction\",\"target\":[\"https:\/\/veterinariveteros.com\/es\/aviso-legal\/\"]}]},{\"@type\":\"BreadcrumbList\",\"@id\":\"https:\/\/veterinariveteros.com\/es\/aviso-legal\/#breadcrumb\",\"itemListElement\":[{\"@type\":\"ListItem\",\"position\":1,\"name\":\"Home\",\"item\":\"https:\/\/veterinariveteros.com\/es\/\"},{\"@type\":\"ListItem\",\"position\":2,\"name\":\"Aviso legal\"}]},{\"@type\":\"WebSite\",\"@id\":\"https:\/\/veterinariveteros.com\/es\/#website\",\"url\":\"https:\/\/veterinariveteros.com\/es\/\",\"name\":\"Cl\u00ednica Veterinaria Veteros\",\"description\":\"Cl\u00ednica Veterinaria Veteros\",\"publisher\":{\"@id\":\"https:\/\/veterinariveteros.com\/es\/#organization\"},\"potentialAction\":[{\"@type\":\"SearchAction\",\"target\":{\"@type\":\"EntryPoint\",\"urlTemplate\":\"https:\/\/veterinariveteros.com\/es\/?s={search_term_string}\"},\"query-input\":{\"@type\":\"PropertyValueSpecification\",\"valueRequired\":true,\"valueName\":\"search_term_string\"}}],\"inLanguage\":\"es\"},{\"@type\":\"Organization\",\"@id\":\"https:\/\/veterinariveteros.com\/es\/#organization\",\"name\":\"Centre Veterinari Veteros\",\"url\":\"https:\/\/veterinariveteros.com\/es\/\",\"logo\":{\"@type\":\"ImageObject\",\"inLanguage\":\"es\",\"@id\":\"https:\/\/veterinariveteros.com\/es\/#\/schema\/logo\/image\/\",\"url\":\"https:\/\/veterinariveteros.com\/wp-content\/uploads\/2019\/11\/Grup-Riera-alta-Logotipo-1.jpg\",\"contentUrl\":\"https:\/\/veterinariveteros.com\/wp-content\/uploads\/2019\/11\/Grup-Riera-alta-Logotipo-1.jpg\",\"width\":468,\"height\":138,\"caption\":\"Centre Veterinari Veteros\"},\"image\":{\"@id\":\"https:\/\/veterinariveteros.com\/es\/#\/schema\/logo\/image\/\"}}]}<\/script>\n<!-- \/ Yoast SEO plugin. -->","yoast_head_json":{"title":"Aviso legal - Cl\u00ednica Veterinaria Veteros","robots":{"index":"noindex","follow":"follow"},"og_locale":"es_ES","og_type":"article","og_title":"Aviso legal - Cl\u00ednica Veterinaria Veteros","og_description":"Aviso legalIdentificaci\u00f3n y TitularidadEn cumplimiento del art\u00edculo 10 de la Ley 34\/2002, de 11 de julio, de Servicios de la Sociedad de la Informaci\u00f3n y Comercio Electr\u00f3nico, a continuaci\u00f3n se exponen los datos identificativos del titular. Titular: IVETEROS S.L. NIF\/CIF: B66206095 Domicilio: Calle Arag\u00f3n 39, Barcelona Correo electr\u00f3nico: info@veterinariveteros.com Tel\u00e9fono: 932 262 392 &nbsp; Finalidad [&hellip;]","og_url":"https:\/\/veterinariveteros.com\/es\/aviso-legal\/","og_site_name":"Cl\u00ednica Veterinaria Veteros","article_modified_time":"2024-06-13T21:06:21+00:00","twitter_card":"summary_large_image","twitter_misc":{"Tiempo de lectura":"8 minutos"},"schema":{"@context":"https:\/\/schema.org","@graph":[{"@type":"WebPage","@id":"https:\/\/veterinariveteros.com\/es\/aviso-legal\/","url":"https:\/\/veterinariveteros.com\/es\/aviso-legal\/","name":"Aviso legal - Cl\u00ednica Veterinaria Veteros","isPartOf":{"@id":"https:\/\/veterinariveteros.com\/es\/#website"},"datePublished":"2019-11-08T15:02:22+00:00","dateModified":"2024-06-13T21:06:21+00:00","breadcrumb":{"@id":"https:\/\/veterinariveteros.com\/es\/aviso-legal\/#breadcrumb"},"inLanguage":"es","potentialAction":[{"@type":"ReadAction","target":["https:\/\/veterinariveteros.com\/es\/aviso-legal\/"]}]},{"@type":"BreadcrumbList","@id":"https:\/\/veterinariveteros.com\/es\/aviso-legal\/#breadcrumb","itemListElement":[{"@type":"ListItem","position":1,"name":"Home","item":"https:\/\/veterinariveteros.com\/es\/"},{"@type":"ListItem","position":2,"name":"Aviso legal"}]},{"@type":"WebSite","@id":"https:\/\/veterinariveteros.com\/es\/#website","url":"https:\/\/veterinariveteros.com\/es\/","name":"Cl\u00ednica Veterinaria Veteros","description":"Cl\u00ednica Veterinaria Veteros","publisher":{"@id":"https:\/\/veterinariveteros.com\/es\/#organization"},"potentialAction":[{"@type":"SearchAction","target":{"@type":"EntryPoint","urlTemplate":"https:\/\/veterinariveteros.com\/es\/?s={search_term_string}"},"query-input":{"@type":"PropertyValueSpecification","valueRequired":true,"valueName":"search_term_string"}}],"inLanguage":"es"},{"@type":"Organization","@id":"https:\/\/veterinariveteros.com\/es\/#organization","name":"Centre Veterinari Veteros","url":"https:\/\/veterinariveteros.com\/es\/","logo":{"@type":"ImageObject","inLanguage":"es","@id":"https:\/\/veterinariveteros.com\/es\/#\/schema\/logo\/image\/","url":"https:\/\/veterinariveteros.com\/wp-content\/uploads\/2019\/11\/Grup-Riera-alta-Logotipo-1.jpg","contentUrl":"https:\/\/veterinariveteros.com\/wp-content\/uploads\/2019\/11\/Grup-Riera-alta-Logotipo-1.jpg","width":468,"height":138,"caption":"Centre Veterinari Veteros"},"image":{"@id":"https:\/\/veterinariveteros.com\/es\/#\/schema\/logo\/image\/"}}]}},"_links":{"self":[{"href":"https:\/\/veterinariveteros.com\/es\/wp-json\/wp\/v2\/pages\/1083","targetHints":{"allow":["GET"]}}],"collection":[{"href":"https:\/\/veterinariveteros.com\/es\/wp-json\/wp\/v2\/pages"}],"about":[{"href":"https:\/\/veterinariveteros.com\/es\/wp-json\/wp\/v2\/types\/page"}],"author":[{"embeddable":true,"href":"https:\/\/veterinariveteros.com\/es\/wp-json\/wp\/v2\/users\/4"}],"replies":[{"embeddable":true,"href":"https:\/\/veterinariveteros.com\/es\/wp-json\/wp\/v2\/comments?post=1083"}],"version-history":[{"count":0,"href":"https:\/\/veterinariveteros.com\/es\/wp-json\/wp\/v2\/pages\/1083\/revisions"}],"wp:attachment":[{"href":"https:\/\/veterinariveteros.com\/es\/wp-json\/wp\/v2\/media?parent=1083"}],"wp:term":[{"taxonomy":"estat","embeddable":true,"href":"https:\/\/veterinariveteros.com\/es\/wp-json\/wp\/v2\/estat?post=1083"}],"curies":[{"name":"wp","href":"https:\/\/api.w.org\/{rel}","templated":true}]}}