{"id":3186,"date":"2020-04-01T23:28:33","date_gmt":"2020-04-01T21:28:33","guid":{"rendered":"https:\/\/veterinariveteros.com\/politica-de-privacitat\/"},"modified":"2024-06-14T00:22:50","modified_gmt":"2024-06-13T22:22:50","slug":"politica-de-privacidad","status":"publish","type":"page","link":"https:\/\/veterinariveteros.com\/es\/politica-de-privacidad\/","title":{"rendered":"Pol\u00edtica de privacidad"},"content":{"rendered":"<p>[et_pb_section fb_built=\u00bb1&#8243; admin_label=\u00bbPage Title Section\u00bb _builder_version=\u00bb4.16&#8243; use_background_color_gradient=\u00bbon\u00bb background_color_gradient_direction=\u00bb120deg\u00bb background_color_gradient_stops=\u00bb#00164d 0%|rgba(0,0,0,0) 100%\u00bb background_color_gradient_overlays_image=\u00bbon\u00bb background_color_gradient_start=\u00bb#00164d\u00bb background_color_gradient_end=\u00bbrgba(0,0,0,0)\u00bb background_image=\u00bbhttps:\/\/veterinariveteros.com\/wp-content\/uploads\/2019\/11\/laptop-3196481_1280.jpg\u00bb custom_padding=\u00bb110px||110px|\u00bb global_colors_info=\u00bb{}\u00bb][et_pb_row column_structure=\u00bb1_2,1_2&#8243; admin_label=\u00bbPage Title Area\u00bb _builder_version=\u00bb4.16&#8243; background_size=\u00bbinitial\u00bb background_position=\u00bbtop_left\u00bb background_repeat=\u00bbrepeat\u00bb global_colors_info=\u00bb{}\u00bb][et_pb_column type=\u00bb1_2&#8243; _builder_version=\u00bb4.16&#8243; custom_padding=\u00bb|||\u00bb global_colors_info=\u00bb{}\u00bb custom_padding__hover=\u00bb|||\u00bb][et_pb_text admin_label=\u00bbTitle\u00bb _builder_version=\u00bb4.16&#8243; text_font=\u00bb||||||||\u00bb header_font=\u00bbPoppins|600|||||||\u00bb header_font_size=\u00bb60px\u00bb header_line_height=\u00bb1.2em\u00bb header_2_font=\u00bb||||||||\u00bb header_2_font_size=\u00bb60px\u00bb background_layout=\u00bbdark\u00bb custom_margin=\u00bb||20px|\u00bb custom_padding=\u00bb|||\u00bb animation_style=\u00bbfade\u00bb header_font_size_tablet=\u00bb\u00bb header_font_size_phone=\u00bb40px\u00bb header_font_size_last_edited=\u00bbon|phone\u00bb global_colors_info=\u00bb{}\u00bb]<\/p>\n<h1>Pol\u00edtica de privacidad<\/h1>\n<p>[\/et_pb_text][\/et_pb_column][et_pb_column type=\u00bb1_2&#8243; _builder_version=\u00bb4.16&#8243; custom_padding=\u00bb|||\u00bb global_colors_info=\u00bb{}\u00bb custom_padding__hover=\u00bb|||\u00bb][\/et_pb_column][\/et_pb_row][\/et_pb_section][et_pb_section fb_built=\u00bb1&#8243; _builder_version=\u00bb4.16&#8243; custom_padding=\u00bb95px||131px|||\u00bb hover_enabled=\u00bb0&#8243; global_colors_info=\u00bb{}\u00bb sticky_enabled=\u00bb0&#8243;][et_pb_row _builder_version=\u00bb4.24.3&#8243; custom_margin=\u00bb|auto||171px||\u00bb custom_padding=\u00bb||34px|||\u00bb global_colors_info=\u00bb{}\u00bb module_alignment=\u00bbcenter\u00bb][et_pb_column type=\u00bb4_4&#8243; _builder_version=\u00bb4.16&#8243; global_colors_info=\u00bb{}\u00bb][et_pb_text admin_label=\u00bbTitle\u00bb _builder_version=\u00bb4.16&#8243; text_font=\u00bb||||||||\u00bb header_font=\u00bb||||||||\u00bb header_2_font=\u00bbPoppins|600|||||||\u00bb header_2_font_size=\u00bb36px\u00bb header_2_line_height=\u00bb1.2em\u00bb background_layout=\u00bbdark\u00bb animation_style=\u00bbfold\u00bb animation_direction=\u00bbleft\u00bb animation_intensity_fold=\u00bb10%\u00bb animation_starting_opacity=\u00bb100%\u00bb locked=\u00bboff\u00bb global_colors_info=\u00bb{}\u00bb]<\/p>\n<h2 class=\"wsite-content-title\" style=\"text-align: center\"><span style=\"color: #00164d\">Identificaci\u00f3n Titularidad<\/span><\/h2>\n<p>[\/et_pb_text][et_pb_divider color=\u00bb#008d00&#8243; divider_position=\u00bbcenter\u00bb divider_weight=\u00bb3px\u00bb _builder_version=\u00bb4.16&#8243; max_width=\u00bb50px\u00bb module_alignment=\u00bbcenter\u00bb animation_style=\u00bbslide\u00bb animation_direction=\u00bbtop\u00bb animation_intensity_slide=\u00bb10%\u00bb animation_starting_opacity=\u00bb100%\u00bb locked=\u00bboff\u00bb global_colors_info=\u00bb{}\u00bb][\/et_pb_divider][et_pb_text _builder_version=\u00bb4.24.3&#8243; hover_enabled=\u00bb0&#8243; global_colors_info=\u00bb{}\u00bb sticky_enabled=\u00bb0&#8243;]<\/p>\n<p>En cumplimiento del art\u00edculo 10 de la Ley 34\/2002, de 11 de julio, de Servicios de la Sociedad de la Informaci\u00f3n y Comercio Electr\u00f3nico, a continuaci\u00f3n se exponen los datos identificativos del titular.<\/p>\n<ul>\n<li><strong>Titular:<\/strong><span> IVETEROS S.L.<br \/><\/span><\/li>\n<li><strong>NIF\/CIF:<\/strong><span> B66206095<\/span><\/li>\n<li><strong>Domicilio:<\/strong><span> \u00a0Calle Arag\u00f3n 39, Barcelona<br \/><\/span><\/li>\n<li><strong>Correo electr\u00f3nico:<\/strong><span><span>\u00a0<\/span><a href=\"mailto:info@veterinariveteros.com\">info@veterinariveteros.com<\/a><\/span><\/li>\n<li><span><strong>Tel\u00e9fono<\/strong>: 932\u00a0262\u00a0392<\/span><\/li>\n<\/ul>\n<h2 id=\"wnd_TextBlock_77591_inner_0\"><span style=\"color: #00164d;\"><strong><span class=\"wsw-19\">Pol\u00edtica de privacidad<\/span><\/strong><\/span><\/h2>\n<p>En Cl\u00ednica Veterinaria Veteros estamos comprometidos con la protecci\u00f3n de la privacidad y el uso correcto de los datos personales.<\/p>\n<p id=\"wnd_TextBlock_77591_inner_1\"><strong style=\"color: #00164d; font-size: 26px;\"><span class=\"wsw-19\">Responsable del tratamiento de tus datos personales<\/span><\/strong><\/p>\n<p>IVETEROS S.L. es quien ostenta la condici\u00f3n de Responsable de Tratamiento.<\/p>\n<p>Puedes contactar con nosotros en:<\/p>\n<p>Domicilio: C\/ Arag\u00f3 39, Barcelona<br \/>Correo electr\u00f3nico: <a href=\"mailto:info@veterinariveteros.com\">info@veterinariveteros.com<\/a><br \/>Tel\u00e9fono: <span>932\u00a0262\u00a0392<\/span><\/p>\n<h2 id=\"wnd_TextBlock_77591_inner_9\"><span style=\"color: #00164d;\"><strong><span class=\"wsw-19\">Tratamiento de los datos personales de contacto<\/span><\/strong><\/span><\/h2>\n<p>Podemos tratar sus datos personales para diferentes finalidades:<\/p>\n<p><strong>1. Formularios web:<\/strong><\/p>\n<p>Los datos personales recogidos mediante el formulario de contacto, o bien porque nos remita un correo electr\u00f3nico, ser\u00e1n tratados por cuenta de Cl\u00ednica Veterinaria Veteros, en calidad de responsable del tratamiento, con el fin de gestionar y atender su petici\u00f3n o solicitud de informaci\u00f3n, dudas, quejas, etc o la para la finalidad espec\u00edfica que se indique en el formulario web. Los datos obligatoriamente requeridos para poder procesar su solicitud o consulta, se indican con un asterisco.<\/p>\n<p><strong>2. Correo electr\u00f3nico:<\/strong><\/p>\n<p>Los datos personales que tratemos consecuencia de la recepci\u00f3n y\/o intercambio de correos electr\u00f3nicos, se tratar\u00e1n con la finalidad de atender y dar respuesta a su petici\u00f3n de informaci\u00f3n o consulta, para mantener los contactos comerciales o profesionales y relaciones que se produzcan como consecuencia de la misma, o para el mantenimiento en su caso de una relaci\u00f3n pre-contractual y\/o contractual.<\/p>\n<p><strong>3. Gesti\u00f3n de redes sociales:<\/strong><\/p>\n<p>Utilizamos redes sociales para informar sobre nuestras actividades e interactuar con nuestros seguidores. Al hacerte seguidor nuestro, eres consiente de que tratemos los datos personales que est\u00e9n disponibles en tu perfil, exclusivamente para dicha finalidad y solo en el entorno de cada red social conforme a sus pol\u00edticas de uso y privacidad. Tus datos personales ser\u00e1n utilizados con la finalidad de gestionar el listado de personas a las que les gusta nuestra p\u00e1gina. As\u00ed podr\u00e1s recibir informaci\u00f3n directamente relacionada con los servicios que prestamos, consejos para mascotas, servicios y promociones de nuestro centro veterinario e interactuar con nosotros, siempre a trav\u00e9s de la red social elegida.<\/p>\n<h2 id=\"wnd_TextBlock_77591_inner_12\"><span style=\"color: #00164d;\"><strong><span class=\"wsw-19\">Base jur\u00eddica que legitima el tratamiento de sus datos personales<\/span><\/strong><\/span><\/h2>\n<p>La base jur\u00eddica que nos legitima para el tratamiento de tus datos puede ser diversa:<\/p>\n<p>En unos casos puede ser el consentimiento de las personas interesadas (suscripci\u00f3n a un bolet\u00edn electr\u00f3nico, cumplimentaci\u00f3n de un formulario web, env\u00edo de un curriculum etc). Cuando el tratamiento se base en su consentimiento, el mismo se entender\u00e1 otorgado de forma inequ\u00edvoca, consider\u00e1ndose dicha aportaci\u00f3n un acto afirmativo claro por su parte, que manifiesta dicho consentimiento.<\/p>\n<p>En otros el cumplimiento de una obligaci\u00f3n legal por nuestra parte, la ejecuci\u00f3n de un contrato o precontrato, o el inter\u00e9s leg\u00edtimo del Responsable (gesti\u00f3n de datos de contacto y en su caso los relativos a la funci\u00f3n o puesto desempe\u00f1ado de las personas f\u00edsicas que presten servicios en una persona jur\u00eddica).<\/p>\n<p>La aportaci\u00f3n de los datos solicitados es obligatoria por ser imprescindibles para atender su petici\u00f3n y\/o prestar nuestros servicios; si no los facilita, no podremos llevarla a cabo o prestarlos.<\/p>\n<h2 id=\"wnd_TextBlock_77591_inner_18\"><span style=\"color: #00164d;\"><strong><span class=\"wsw-19\">Cu\u00e1nto tiempo conservamos sus datos personales<\/span><\/strong><\/span><\/h2>\n<p>Los datos personales se conservar\u00e1n por el tiempo que precise la atenci\u00f3n del objeto de la comunicaci\u00f3n y, en aquellos casos en que se base en el consentimiento, en tanto no haya revocado el mismo.<\/p>\n<p><span>Los datos facilitados en la correspondiente red social permanecer\u00e1n accesibles a nosotros mientras mantenga activo el bot\u00f3n de \u201cseguir\u201d o \u201cme gusta\u201d y cuanto quiera dejar de seguirnos, lo \u00fanico que tendr\u00e1 que hacer es \u201cclic\u201d en el bot\u00f3n \u201cdejar de seguir\u201d o \u201cya no me gusta\u201d,\u00a0o eliminar contacto en Linkedin o el procedimiento concreto de la red social.<\/span><\/p>\n<p><span>Por otro lado, con el fin de que los datos obrantes en nuestros ficheros, inform\u00e1ticos y\/o en papel, siempre correspondan a la realidad, se tratar\u00e1 de mantenerlos actualizados. A estos efectos, el Usuario podr\u00e1 comunic\u00e1rnoslo, por correo electr\u00f3nico a\u00a0veteros@gruprieraalta.com<\/span><\/p>\n<p id=\"wnd_TextBlock_77591_inner_19\"><strong style=\"color: #00164d; font-size: 26px;\"><span class=\"wsw-19\">Qui\u00e9nes pueden ser cesionarios o destinatarios de tus datos personales<\/span><\/strong><\/p>\n<p>Los datos personales no ser\u00e1n cedidos o comunicados a terceros, salvo en los supuestos necesarios para la atenci\u00f3n de la consulta formulado y en los supuestos previstos seg\u00fan Ley.<\/p>\n<p><strong style=\"color: #00164d; font-size: 26px;\"><span class=\"wsw-19\">Cu\u00e1les son sus derechos en protecci\u00f3n de datos y c\u00f3mo puedes ejercerlos<\/span><\/strong><\/p>\n<p>El interesado podr\u00e1 ejercitar los siguientes derechos en protecci\u00f3n de datos.<\/p>\n<p>Derecho a solicitar el acceso a los datos personales relativos al interesado<br \/>Derecho a solicitar su rectificaci\u00f3n o supresi\u00f3n<br \/>Derecho a solicitar la limitaci\u00f3n de su tratamiento<br \/>Derecho a oponerse al tratamiento<br \/>Derecho a la portabilidad de los datos<\/p>\n<p>El interesado podr\u00e1 ejercitar tales derechos mediante escrito de solicitud, acompa\u00f1ada de una fotocopia de su D.N.I o documento identificativo equivalente, dirigida a C\/Riera Alta 25, 08001 de Barcelona. En caso de que actuara mediante representante, legal o voluntario, deber\u00e1 aportar tambi\u00e9n documento que acredite la representaci\u00f3n y documento identificativo del mismo.<\/p>\n<p>En el caso de ejercicio de derechos en relaci\u00f3n con tus datos en redes sociales, entenderemos tus solicitudes en el marco y con las limitaciones derivadas de las reglas de funcionamiento establecidas por Google y las respectivas redes sociales.<\/p>\n<p>En caso de considerar vulnerado tu derecho a la protecci\u00f3n de datos personales, podr\u00e1 interponer una reclamaci\u00f3n la Agencia Espa\u00f1ola de Protecci\u00f3n de Datos (www.aepd.es).<\/p>\n<h2 id=\"wnd_TextBlock_77591_inner_28\"><span style=\"color: #00164d;\"><b>Modificaciones\u00a0<strong><span class=\"wsw-19\">de la presente informaci\u00f3n de protecci\u00f3n de datos<\/span><\/strong><\/b><\/span><\/h2>\n<h2><span style=\"font-size: 16px; color: #666666;\"><\/span><\/h2>\n<p>Cl\u00ednica Veterinaria Veteros se reserva el derecho a modificar su Pol\u00edtica de Protecci\u00f3n de datos de acuerdo con la legislaci\u00f3n aplicable en cada momento. Cualquier modificaci\u00f3n de dicha pol\u00edtica ser\u00e1 publicada en el sitio web.<\/p>\n<p>[\/et_pb_text][\/et_pb_column][\/et_pb_row][\/et_pb_section]<\/p>\n","protected":false},"excerpt":{"rendered":"<p>Pol\u00edtica de privacidadIdentificaci\u00f3n TitularidadEn cumplimiento del art\u00edculo 10 de la Ley 34\/2002, de 11 de julio, de Servicios de la Sociedad de la Informaci\u00f3n y Comercio Electr\u00f3nico, a continuaci\u00f3n se exponen los datos identificativos del titular. Titular: IVETEROS S.L. NIF\/CIF: B66206095 Domicilio: \u00a0Calle Arag\u00f3n 39, Barcelona Correo electr\u00f3nico:\u00a0info@veterinariveteros.com Tel\u00e9fono: 932\u00a0262\u00a0392 Pol\u00edtica de privacidad En Cl\u00ednica [&hellip;]<\/p>\n","protected":false},"author":1,"featured_media":0,"parent":0,"menu_order":2000,"comment_status":"closed","ping_status":"closed","template":"","meta":{"_et_pb_use_builder":"on","_et_pb_old_content":"","_et_gb_content_width":"","footnotes":""},"estat":[],"class_list":["post-3186","page","type-page","status-publish","hentry"],"yoast_head":"<!-- This site is optimized with the Yoast SEO plugin v27.1.1 - https:\/\/yoast.com\/product\/yoast-seo-wordpress\/ -->\n<title>Pol\u00edtica de privacidad - Cl\u00ednica Veterinaria Veteros<\/title>\n<meta name=\"robots\" content=\"noindex, follow\" \/>\n<meta property=\"og:locale\" content=\"es_ES\" \/>\n<meta property=\"og:type\" content=\"article\" \/>\n<meta property=\"og:title\" content=\"Pol\u00edtica de privacidad - Cl\u00ednica Veterinaria Veteros\" \/>\n<meta property=\"og:description\" content=\"Pol\u00edtica de privacidadIdentificaci\u00f3n TitularidadEn cumplimiento del art\u00edculo 10 de la Ley 34\/2002, de 11 de julio, de Servicios de la Sociedad de la Informaci\u00f3n y Comercio Electr\u00f3nico, a continuaci\u00f3n se exponen los datos identificativos del titular. Titular: IVETEROS S.L. NIF\/CIF: B66206095 Domicilio: \u00a0Calle Arag\u00f3n 39, Barcelona Correo electr\u00f3nico:\u00a0info@veterinariveteros.com Tel\u00e9fono: 932\u00a0262\u00a0392 Pol\u00edtica de privacidad En Cl\u00ednica [&hellip;]\" \/>\n<meta property=\"og:url\" content=\"https:\/\/veterinariveteros.com\/es\/politica-de-privacidad\/\" \/>\n<meta property=\"og:site_name\" content=\"Cl\u00ednica Veterinaria Veteros\" \/>\n<meta property=\"article:modified_time\" content=\"2024-06-13T22:22:50+00:00\" \/>\n<meta name=\"twitter:card\" content=\"summary_large_image\" \/>\n<meta name=\"twitter:label1\" content=\"Tiempo de lectura\" \/>\n\t<meta name=\"twitter:data1\" content=\"7 minutos\" \/>\n<script type=\"application\/ld+json\" class=\"yoast-schema-graph\">{\"@context\":\"https:\/\/schema.org\",\"@graph\":[{\"@type\":\"WebPage\",\"@id\":\"https:\/\/veterinariveteros.com\/es\/politica-de-privacidad\/\",\"url\":\"https:\/\/veterinariveteros.com\/es\/politica-de-privacidad\/\",\"name\":\"Pol\u00edtica de privacidad - Cl\u00ednica Veterinaria Veteros\",\"isPartOf\":{\"@id\":\"https:\/\/veterinariveteros.com\/es\/#website\"},\"datePublished\":\"2020-04-01T21:28:33+00:00\",\"dateModified\":\"2024-06-13T22:22:50+00:00\",\"breadcrumb\":{\"@id\":\"https:\/\/veterinariveteros.com\/es\/politica-de-privacidad\/#breadcrumb\"},\"inLanguage\":\"es\",\"potentialAction\":[{\"@type\":\"ReadAction\",\"target\":[\"https:\/\/veterinariveteros.com\/es\/politica-de-privacidad\/\"]}]},{\"@type\":\"BreadcrumbList\",\"@id\":\"https:\/\/veterinariveteros.com\/es\/politica-de-privacidad\/#breadcrumb\",\"itemListElement\":[{\"@type\":\"ListItem\",\"position\":1,\"name\":\"Home\",\"item\":\"https:\/\/veterinariveteros.com\/es\/\"},{\"@type\":\"ListItem\",\"position\":2,\"name\":\"Pol\u00edtica de privacidad\"}]},{\"@type\":\"WebSite\",\"@id\":\"https:\/\/veterinariveteros.com\/es\/#website\",\"url\":\"https:\/\/veterinariveteros.com\/es\/\",\"name\":\"Cl\u00ednica Veterinaria Veteros\",\"description\":\"Cl\u00ednica Veterinaria Veteros\",\"publisher\":{\"@id\":\"https:\/\/veterinariveteros.com\/es\/#organization\"},\"potentialAction\":[{\"@type\":\"SearchAction\",\"target\":{\"@type\":\"EntryPoint\",\"urlTemplate\":\"https:\/\/veterinariveteros.com\/es\/?s={search_term_string}\"},\"query-input\":{\"@type\":\"PropertyValueSpecification\",\"valueRequired\":true,\"valueName\":\"search_term_string\"}}],\"inLanguage\":\"es\"},{\"@type\":\"Organization\",\"@id\":\"https:\/\/veterinariveteros.com\/es\/#organization\",\"name\":\"Centre Veterinari Veteros\",\"url\":\"https:\/\/veterinariveteros.com\/es\/\",\"logo\":{\"@type\":\"ImageObject\",\"inLanguage\":\"es\",\"@id\":\"https:\/\/veterinariveteros.com\/es\/#\/schema\/logo\/image\/\",\"url\":\"https:\/\/veterinariveteros.com\/wp-content\/uploads\/2019\/11\/Grup-Riera-alta-Logotipo-1.jpg\",\"contentUrl\":\"https:\/\/veterinariveteros.com\/wp-content\/uploads\/2019\/11\/Grup-Riera-alta-Logotipo-1.jpg\",\"width\":468,\"height\":138,\"caption\":\"Centre Veterinari Veteros\"},\"image\":{\"@id\":\"https:\/\/veterinariveteros.com\/es\/#\/schema\/logo\/image\/\"}}]}<\/script>\n<!-- \/ Yoast SEO plugin. -->","yoast_head_json":{"title":"Pol\u00edtica de privacidad - Cl\u00ednica Veterinaria Veteros","robots":{"index":"noindex","follow":"follow"},"og_locale":"es_ES","og_type":"article","og_title":"Pol\u00edtica de privacidad - Cl\u00ednica Veterinaria Veteros","og_description":"Pol\u00edtica de privacidadIdentificaci\u00f3n TitularidadEn cumplimiento del art\u00edculo 10 de la Ley 34\/2002, de 11 de julio, de Servicios de la Sociedad de la Informaci\u00f3n y Comercio Electr\u00f3nico, a continuaci\u00f3n se exponen los datos identificativos del titular. Titular: IVETEROS S.L. NIF\/CIF: B66206095 Domicilio: \u00a0Calle Arag\u00f3n 39, Barcelona Correo electr\u00f3nico:\u00a0info@veterinariveteros.com Tel\u00e9fono: 932\u00a0262\u00a0392 Pol\u00edtica de privacidad En Cl\u00ednica [&hellip;]","og_url":"https:\/\/veterinariveteros.com\/es\/politica-de-privacidad\/","og_site_name":"Cl\u00ednica Veterinaria Veteros","article_modified_time":"2024-06-13T22:22:50+00:00","twitter_card":"summary_large_image","twitter_misc":{"Tiempo de lectura":"7 minutos"},"schema":{"@context":"https:\/\/schema.org","@graph":[{"@type":"WebPage","@id":"https:\/\/veterinariveteros.com\/es\/politica-de-privacidad\/","url":"https:\/\/veterinariveteros.com\/es\/politica-de-privacidad\/","name":"Pol\u00edtica de privacidad - Cl\u00ednica Veterinaria Veteros","isPartOf":{"@id":"https:\/\/veterinariveteros.com\/es\/#website"},"datePublished":"2020-04-01T21:28:33+00:00","dateModified":"2024-06-13T22:22:50+00:00","breadcrumb":{"@id":"https:\/\/veterinariveteros.com\/es\/politica-de-privacidad\/#breadcrumb"},"inLanguage":"es","potentialAction":[{"@type":"ReadAction","target":["https:\/\/veterinariveteros.com\/es\/politica-de-privacidad\/"]}]},{"@type":"BreadcrumbList","@id":"https:\/\/veterinariveteros.com\/es\/politica-de-privacidad\/#breadcrumb","itemListElement":[{"@type":"ListItem","position":1,"name":"Home","item":"https:\/\/veterinariveteros.com\/es\/"},{"@type":"ListItem","position":2,"name":"Pol\u00edtica de privacidad"}]},{"@type":"WebSite","@id":"https:\/\/veterinariveteros.com\/es\/#website","url":"https:\/\/veterinariveteros.com\/es\/","name":"Cl\u00ednica Veterinaria Veteros","description":"Cl\u00ednica Veterinaria Veteros","publisher":{"@id":"https:\/\/veterinariveteros.com\/es\/#organization"},"potentialAction":[{"@type":"SearchAction","target":{"@type":"EntryPoint","urlTemplate":"https:\/\/veterinariveteros.com\/es\/?s={search_term_string}"},"query-input":{"@type":"PropertyValueSpecification","valueRequired":true,"valueName":"search_term_string"}}],"inLanguage":"es"},{"@type":"Organization","@id":"https:\/\/veterinariveteros.com\/es\/#organization","name":"Centre Veterinari Veteros","url":"https:\/\/veterinariveteros.com\/es\/","logo":{"@type":"ImageObject","inLanguage":"es","@id":"https:\/\/veterinariveteros.com\/es\/#\/schema\/logo\/image\/","url":"https:\/\/veterinariveteros.com\/wp-content\/uploads\/2019\/11\/Grup-Riera-alta-Logotipo-1.jpg","contentUrl":"https:\/\/veterinariveteros.com\/wp-content\/uploads\/2019\/11\/Grup-Riera-alta-Logotipo-1.jpg","width":468,"height":138,"caption":"Centre Veterinari Veteros"},"image":{"@id":"https:\/\/veterinariveteros.com\/es\/#\/schema\/logo\/image\/"}}]}},"_links":{"self":[{"href":"https:\/\/veterinariveteros.com\/es\/wp-json\/wp\/v2\/pages\/3186","targetHints":{"allow":["GET"]}}],"collection":[{"href":"https:\/\/veterinariveteros.com\/es\/wp-json\/wp\/v2\/pages"}],"about":[{"href":"https:\/\/veterinariveteros.com\/es\/wp-json\/wp\/v2\/types\/page"}],"author":[{"embeddable":true,"href":"https:\/\/veterinariveteros.com\/es\/wp-json\/wp\/v2\/users\/1"}],"replies":[{"embeddable":true,"href":"https:\/\/veterinariveteros.com\/es\/wp-json\/wp\/v2\/comments?post=3186"}],"version-history":[{"count":0,"href":"https:\/\/veterinariveteros.com\/es\/wp-json\/wp\/v2\/pages\/3186\/revisions"}],"wp:attachment":[{"href":"https:\/\/veterinariveteros.com\/es\/wp-json\/wp\/v2\/media?parent=3186"}],"wp:term":[{"taxonomy":"estat","embeddable":true,"href":"https:\/\/veterinariveteros.com\/es\/wp-json\/wp\/v2\/estat?post=3186"}],"curies":[{"name":"wp","href":"https:\/\/api.w.org\/{rel}","templated":true}]}}