{"id":4080,"date":"2024-11-17T10:00:01","date_gmt":"2024-11-17T09:00:01","guid":{"rendered":"https:\/\/veterinariveteros.com\/?page_id=4080"},"modified":"2025-04-02T01:36:26","modified_gmt":"2025-04-01T23:36:26","slug":"esterilizacion-mascotas","status":"publish","type":"page","link":"https:\/\/veterinariveteros.com\/es\/campanas\/esterilizacion-mascotas\/","title":{"rendered":"Esterilizaci\u00f3n mascotas"},"content":{"rendered":"<p>[et_pb_section fb_built=\u00bb1&#8243; admin_label=\u00bbPage Title Section\u00bb _builder_version=\u00bb4.16&#8243; use_background_color_gradient=\u00bbon\u00bb background_color_gradient_direction=\u00bb120deg\u00bb background_color_gradient_stops=\u00bb#00164d 0%|rgba(0,0,0,0) 100%\u00bb background_color_gradient_overlays_image=\u00bbon\u00bb background_color_gradient_start=\u00bb#00164d\u00bb background_color_gradient_end=\u00bbrgba(0,0,0,0)\u00bb background_image=\u00bbhttps:\/\/veterinariveteros.com\/wp-content\/uploads\/2020\/02\/48-1.jpg\u00bb custom_padding=\u00bb110px||110px|\u00bb global_colors_info=\u00bb{}\u00bb][et_pb_row column_structure=\u00bb1_2,1_2&#8243; admin_label=\u00bbPage Title Area\u00bb _builder_version=\u00bb4.16&#8243; background_size=\u00bbinitial\u00bb background_position=\u00bbtop_left\u00bb background_repeat=\u00bbrepeat\u00bb global_colors_info=\u00bb{}\u00bb][et_pb_column type=\u00bb1_2&#8243; _builder_version=\u00bb4.16&#8243; custom_padding=\u00bb|||\u00bb global_colors_info=\u00bb{}\u00bb custom_padding__hover=\u00bb|||\u00bb][et_pb_text admin_label=\u00bbTitle\u00bb _builder_version=\u00bb4.16&#8243; text_font=\u00bb||||||||\u00bb header_font=\u00bbPoppins|600|||||||\u00bb header_font_size=\u00bb60px\u00bb header_line_height=\u00bb1.2em\u00bb header_2_font=\u00bb||||||||\u00bb header_2_font_size=\u00bb60px\u00bb background_layout=\u00bbdark\u00bb custom_margin=\u00bb||20px|\u00bb custom_padding=\u00bb|||\u00bb animation_style=\u00bbfade\u00bb header_font_size_tablet=\u00bb\u00bb header_font_size_phone=\u00bb40px\u00bb header_font_size_last_edited=\u00bbon|phone\u00bb global_colors_info=\u00bb{}\u00bb]<\/p>\n<h1>Esterilizaci\u00f3n mascotas<\/h1>\n<p>[\/et_pb_text][et_pb_text disabled_on=\u00bbon|on|on\u00bb admin_label=\u00bbPage Subtitle\u00bb _builder_version=\u00bb4.27.4&#8243; text_font=\u00bbPoppins||||||||\u00bb text_font_size=\u00bb18px\u00bb text_line_height=\u00bb1.8em\u00bb header_font=\u00bb||||||||\u00bb background_layout=\u00bbdark\u00bb animation_style=\u00bbfade\u00bb hover_enabled=\u00bb0&#8243; global_colors_info=\u00bb{}\u00bb disabled=\u00bbon\u00bb sticky_enabled=\u00bb0&#8243;]<\/p>\n<p>CAMPA\u00d1A PROMOCIONAL<br \/>DEL 20 DE NOVIEMBRE AL 31 DE DICIEMBRE<\/p>\n<p>[\/et_pb_text][\/et_pb_column][et_pb_column type=\u00bb1_2&#8243; _builder_version=\u00bb4.16&#8243; custom_padding=\u00bb|||\u00bb global_colors_info=\u00bb{}\u00bb custom_padding__hover=\u00bb|||\u00bb][\/et_pb_column][\/et_pb_row][\/et_pb_section][et_pb_section fb_built=\u00bb1&#8243; _builder_version=\u00bb4.16&#8243; custom_padding=\u00bb95px||131px|||\u00bb global_colors_info=\u00bb{}\u00bb][et_pb_row _builder_version=\u00bb4.16&#8243; custom_padding=\u00bb||34px|||\u00bb global_colors_info=\u00bb{}\u00bb][et_pb_column type=\u00bb4_4&#8243; _builder_version=\u00bb4.16&#8243; global_colors_info=\u00bb{}\u00bb][et_pb_text admin_label=\u00bbTitle\u00bb _builder_version=\u00bb4.16&#8243; text_font=\u00bb||||||||\u00bb header_font=\u00bb||||||||\u00bb header_2_font=\u00bbPoppins|600|||||||\u00bb header_2_font_size=\u00bb36px\u00bb header_2_line_height=\u00bb1.2em\u00bb background_layout=\u00bbdark\u00bb animation_style=\u00bbfold\u00bb animation_direction=\u00bbleft\u00bb animation_intensity_fold=\u00bb10%\u00bb animation_starting_opacity=\u00bb100%\u00bb locked=\u00bboff\u00bb global_colors_info=\u00bb{}\u00bb]<\/p>\n<h2 class=\"wsite-content-title\" style=\"text-align: center\"><span style=\"color: #00164d\">Esteriliza a tu mascota en Cl\u00ednica Veterinaria Veteros de Barcelona para mejorar su calidad de vida y evitar enfermedades.<\/span><\/h2>\n<p>[\/et_pb_text][et_pb_text admin_label=\u00bbTitle\u00bb _builder_version=\u00bb4.21.0&#8243; text_font=\u00bb||||||||\u00bb header_font=\u00bb||||||||\u00bb header_2_font=\u00bbPoppins|600|||||||\u00bb header_2_font_size=\u00bb36px\u00bb header_2_line_height=\u00bb1.2em\u00bb background_layout=\u00bbdark\u00bb animation_style=\u00bbfold\u00bb animation_direction=\u00bbleft\u00bb animation_intensity_fold=\u00bb10%\u00bb animation_starting_opacity=\u00bb100%\u00bb locked=\u00bboff\u00bb global_colors_info=\u00bb{}\u00bb]<\/p>\n<p style=\"text-align: center\"><span style=\"color: #333333\">Recordamos que la normativa de la nueva Ley de Bienestar Animal obliga a esterilizar a los gatos a los 6 meses de edad. Para el resto de animales de compa\u00f1\u00eda se deben adoptar las medidas necesarias para evitar la reproducci\u00f3n incontrolada.<\/span><\/p>\n<p>[\/et_pb_text][et_pb_divider color=\u00bbgcid-cf4d5fad-6f37-4647-b6db-9cce13ff169f\u00bb divider_position=\u00bbcenter\u00bb divider_weight=\u00bb3px\u00bb _builder_version=\u00bb4.27.0&#8243; max_width=\u00bb50px\u00bb module_alignment=\u00bbcenter\u00bb animation_style=\u00bbslide\u00bb animation_direction=\u00bbtop\u00bb animation_intensity_slide=\u00bb10%\u00bb animation_starting_opacity=\u00bb100%\u00bb locked=\u00bboff\u00bb global_colors_info=\u00bb{%22gcid-cf4d5fad-6f37-4647-b6db-9cce13ff169f%22:%91%22color%22%93}\u00bb][\/et_pb_divider][\/et_pb_column][\/et_pb_row][et_pb_row column_structure=\u00bb1_2,1_2&#8243; _builder_version=\u00bb4.16&#8243; custom_padding=\u00bb28px|||||\u00bb global_colors_info=\u00bb{}\u00bb][et_pb_column type=\u00bb1_2&#8243; _builder_version=\u00bb4.16&#8243; global_colors_info=\u00bb{}\u00bb][et_pb_image src=\u00bbhttps:\/\/veterinariveteros.com\/wp-content\/uploads\/2019\/11\/esterilizacionperro.jpg\u00bb _builder_version=\u00bb4.16&#8243; min_height=\u00bb303px\u00bb custom_margin=\u00bb-1px|||||\u00bb global_colors_info=\u00bb{}\u00bb][\/et_pb_image][et_pb_button button_url=\u00bbhttps:\/\/veterinariveteros.com\/es\/campanas\/esterilizacion-perros\/\u00bb button_text=\u00bbEsterilizaci\u00f3n perros\u00bb button_alignment=\u00bbcenter\u00bb _builder_version=\u00bb4.27.0&#8243; button_text_color=\u00bb#FFFFFF\u00bb button_bg_color=\u00bbgcid-58ebc60f-c9b1-4f66-af67-6acc30e0c3cc\u00bb button_border_color=\u00bbgcid-58ebc60f-c9b1-4f66-af67-6acc30e0c3cc\u00bb global_colors_info=\u00bb{%22gcid-cf4d5fad-6f37-4647-b6db-9cce13ff169f%22:%91%22button_bg_color%22%93,%22gcid-58ebc60f-c9b1-4f66-af67-6acc30e0c3cc%22:%91%22button_bg_color%22,%22button_border_color%22%93}\u00bb][\/et_pb_button][\/et_pb_column][et_pb_column type=\u00bb1_2&#8243; _builder_version=\u00bb4.16&#8243; global_colors_info=\u00bb{}\u00bb][et_pb_image src=\u00bbhttps:\/\/veterinariveteros.com\/wp-content\/uploads\/2020\/02\/shutterstock_177520094.jpg\u00bb title_text=\u00bbshutterstock_177520094&#8243; _builder_version=\u00bb4.16&#8243; global_colors_info=\u00bb{}\u00bb][\/et_pb_image][et_pb_button button_url=\u00bbhttps:\/\/veterinariveteros.com\/es\/campanas\/esterilizacion-gatos\/\u00bb button_text=\u00bbEsterilizaci\u00f3n gatos\u00bb button_alignment=\u00bbcenter\u00bb _builder_version=\u00bb4.27.0&#8243; button_text_color=\u00bb#FFFFFF\u00bb button_bg_color=\u00bbgcid-58ebc60f-c9b1-4f66-af67-6acc30e0c3cc\u00bb button_border_color=\u00bbgcid-58ebc60f-c9b1-4f66-af67-6acc30e0c3cc\u00bb global_colors_info=\u00bb{%22gcid-cf4d5fad-6f37-4647-b6db-9cce13ff169f%22:%91%22button_bg_color%22%93,%22gcid-58ebc60f-c9b1-4f66-af67-6acc30e0c3cc%22:%91%22button_bg_color%22,%22button_border_color%22%93}\u00bb][\/et_pb_button][\/et_pb_column][\/et_pb_row][\/et_pb_section]<\/p>\n","protected":false},"excerpt":{"rendered":"<p>Esterilizaci\u00f3n mascotasCAMPA\u00d1A PROMOCIONALDEL 20 DE NOVIEMBRE AL 31 DE DICIEMBREEsteriliza a tu mascota en Cl\u00ednica Veterinaria Veteros de Barcelona para mejorar su calidad de vida y evitar enfermedades.Recordamos que la normativa de la nueva Ley de Bienestar Animal obliga a esterilizar a los gatos a los 6 meses de edad. Para el resto de animales [&hellip;]<\/p>\n","protected":false},"author":2,"featured_media":0,"parent":1071,"menu_order":6,"comment_status":"closed","ping_status":"closed","template":"","meta":{"_et_pb_use_builder":"on","_et_pb_old_content":"","_et_gb_content_width":"","footnotes":""},"estat":[],"class_list":["post-4080","page","type-page","status-publish","hentry"],"yoast_head":"<!-- This site is optimized with the Yoast SEO plugin v27.1.1 - https:\/\/yoast.com\/product\/yoast-seo-wordpress\/ -->\n<title>Esterilizaci\u00f3n mascotas - Cl\u00ednica Veterinaria Veteros<\/title>\n<meta name=\"robots\" content=\"noindex, follow\" \/>\n<meta property=\"og:locale\" content=\"es_ES\" \/>\n<meta property=\"og:type\" content=\"article\" \/>\n<meta property=\"og:title\" content=\"Esterilizaci\u00f3n mascotas - Cl\u00ednica Veterinaria Veteros\" \/>\n<meta property=\"og:description\" content=\"Esterilizaci\u00f3n mascotasCAMPA\u00d1A PROMOCIONALDEL 20 DE NOVIEMBRE AL 31 DE DICIEMBREEsteriliza a tu mascota en Cl\u00ednica Veterinaria Veteros de Barcelona para mejorar su calidad de vida y evitar enfermedades.Recordamos que la normativa de la nueva Ley de Bienestar Animal obliga a esterilizar a los gatos a los 6 meses de edad. Para el resto de animales [&hellip;]\" \/>\n<meta property=\"og:url\" content=\"https:\/\/veterinariveteros.com\/es\/campanas\/esterilizacion-mascotas\/\" \/>\n<meta property=\"og:site_name\" content=\"Cl\u00ednica Veterinaria Veteros\" \/>\n<meta property=\"article:modified_time\" content=\"2025-04-01T23:36:26+00:00\" \/>\n<meta name=\"twitter:card\" content=\"summary_large_image\" \/>\n<meta name=\"twitter:label1\" content=\"Tiempo de lectura\" \/>\n\t<meta name=\"twitter:data1\" content=\"4 minutos\" \/>\n<script type=\"application\/ld+json\" class=\"yoast-schema-graph\">{\"@context\":\"https:\/\/schema.org\",\"@graph\":[{\"@type\":\"WebPage\",\"@id\":\"https:\/\/veterinariveteros.com\/es\/campanas\/esterilizacion-mascotas\/\",\"url\":\"https:\/\/veterinariveteros.com\/es\/campanas\/esterilizacion-mascotas\/\",\"name\":\"Esterilizaci\u00f3n mascotas - Cl\u00ednica Veterinaria Veteros\",\"isPartOf\":{\"@id\":\"https:\/\/veterinariveteros.com\/es\/#website\"},\"datePublished\":\"2024-11-17T09:00:01+00:00\",\"dateModified\":\"2025-04-01T23:36:26+00:00\",\"breadcrumb\":{\"@id\":\"https:\/\/veterinariveteros.com\/es\/campanas\/esterilizacion-mascotas\/#breadcrumb\"},\"inLanguage\":\"es\",\"potentialAction\":[{\"@type\":\"ReadAction\",\"target\":[\"https:\/\/veterinariveteros.com\/es\/campanas\/esterilizacion-mascotas\/\"]}]},{\"@type\":\"BreadcrumbList\",\"@id\":\"https:\/\/veterinariveteros.com\/es\/campanas\/esterilizacion-mascotas\/#breadcrumb\",\"itemListElement\":[{\"@type\":\"ListItem\",\"position\":1,\"name\":\"Home\",\"item\":\"https:\/\/veterinariveteros.com\/es\/\"},{\"@type\":\"ListItem\",\"position\":2,\"name\":\"Campa\u00f1as\",\"item\":\"https:\/\/veterinariveteros.com\/es\/campanyes\/\"},{\"@type\":\"ListItem\",\"position\":3,\"name\":\"Esterilizaci\u00f3n mascotas\"}]},{\"@type\":\"WebSite\",\"@id\":\"https:\/\/veterinariveteros.com\/es\/#website\",\"url\":\"https:\/\/veterinariveteros.com\/es\/\",\"name\":\"Cl\u00ednica Veterinaria Veteros\",\"description\":\"Cl\u00ednica Veterinaria Veteros\",\"publisher\":{\"@id\":\"https:\/\/veterinariveteros.com\/es\/#organization\"},\"potentialAction\":[{\"@type\":\"SearchAction\",\"target\":{\"@type\":\"EntryPoint\",\"urlTemplate\":\"https:\/\/veterinariveteros.com\/es\/?s={search_term_string}\"},\"query-input\":{\"@type\":\"PropertyValueSpecification\",\"valueRequired\":true,\"valueName\":\"search_term_string\"}}],\"inLanguage\":\"es\"},{\"@type\":\"Organization\",\"@id\":\"https:\/\/veterinariveteros.com\/es\/#organization\",\"name\":\"Centre Veterinari Veteros\",\"url\":\"https:\/\/veterinariveteros.com\/es\/\",\"logo\":{\"@type\":\"ImageObject\",\"inLanguage\":\"es\",\"@id\":\"https:\/\/veterinariveteros.com\/es\/#\/schema\/logo\/image\/\",\"url\":\"https:\/\/veterinariveteros.com\/wp-content\/uploads\/2019\/11\/Grup-Riera-alta-Logotipo-1.jpg\",\"contentUrl\":\"https:\/\/veterinariveteros.com\/wp-content\/uploads\/2019\/11\/Grup-Riera-alta-Logotipo-1.jpg\",\"width\":468,\"height\":138,\"caption\":\"Centre Veterinari Veteros\"},\"image\":{\"@id\":\"https:\/\/veterinariveteros.com\/es\/#\/schema\/logo\/image\/\"}}]}<\/script>\n<!-- \/ Yoast SEO plugin. -->","yoast_head_json":{"title":"Esterilizaci\u00f3n mascotas - Cl\u00ednica Veterinaria Veteros","robots":{"index":"noindex","follow":"follow"},"og_locale":"es_ES","og_type":"article","og_title":"Esterilizaci\u00f3n mascotas - Cl\u00ednica Veterinaria Veteros","og_description":"Esterilizaci\u00f3n mascotasCAMPA\u00d1A PROMOCIONALDEL 20 DE NOVIEMBRE AL 31 DE DICIEMBREEsteriliza a tu mascota en Cl\u00ednica Veterinaria Veteros de Barcelona para mejorar su calidad de vida y evitar enfermedades.Recordamos que la normativa de la nueva Ley de Bienestar Animal obliga a esterilizar a los gatos a los 6 meses de edad. Para el resto de animales [&hellip;]","og_url":"https:\/\/veterinariveteros.com\/es\/campanas\/esterilizacion-mascotas\/","og_site_name":"Cl\u00ednica Veterinaria Veteros","article_modified_time":"2025-04-01T23:36:26+00:00","twitter_card":"summary_large_image","twitter_misc":{"Tiempo de lectura":"4 minutos"},"schema":{"@context":"https:\/\/schema.org","@graph":[{"@type":"WebPage","@id":"https:\/\/veterinariveteros.com\/es\/campanas\/esterilizacion-mascotas\/","url":"https:\/\/veterinariveteros.com\/es\/campanas\/esterilizacion-mascotas\/","name":"Esterilizaci\u00f3n mascotas - Cl\u00ednica Veterinaria Veteros","isPartOf":{"@id":"https:\/\/veterinariveteros.com\/es\/#website"},"datePublished":"2024-11-17T09:00:01+00:00","dateModified":"2025-04-01T23:36:26+00:00","breadcrumb":{"@id":"https:\/\/veterinariveteros.com\/es\/campanas\/esterilizacion-mascotas\/#breadcrumb"},"inLanguage":"es","potentialAction":[{"@type":"ReadAction","target":["https:\/\/veterinariveteros.com\/es\/campanas\/esterilizacion-mascotas\/"]}]},{"@type":"BreadcrumbList","@id":"https:\/\/veterinariveteros.com\/es\/campanas\/esterilizacion-mascotas\/#breadcrumb","itemListElement":[{"@type":"ListItem","position":1,"name":"Home","item":"https:\/\/veterinariveteros.com\/es\/"},{"@type":"ListItem","position":2,"name":"Campa\u00f1as","item":"https:\/\/veterinariveteros.com\/es\/campanyes\/"},{"@type":"ListItem","position":3,"name":"Esterilizaci\u00f3n mascotas"}]},{"@type":"WebSite","@id":"https:\/\/veterinariveteros.com\/es\/#website","url":"https:\/\/veterinariveteros.com\/es\/","name":"Cl\u00ednica Veterinaria Veteros","description":"Cl\u00ednica Veterinaria Veteros","publisher":{"@id":"https:\/\/veterinariveteros.com\/es\/#organization"},"potentialAction":[{"@type":"SearchAction","target":{"@type":"EntryPoint","urlTemplate":"https:\/\/veterinariveteros.com\/es\/?s={search_term_string}"},"query-input":{"@type":"PropertyValueSpecification","valueRequired":true,"valueName":"search_term_string"}}],"inLanguage":"es"},{"@type":"Organization","@id":"https:\/\/veterinariveteros.com\/es\/#organization","name":"Centre Veterinari Veteros","url":"https:\/\/veterinariveteros.com\/es\/","logo":{"@type":"ImageObject","inLanguage":"es","@id":"https:\/\/veterinariveteros.com\/es\/#\/schema\/logo\/image\/","url":"https:\/\/veterinariveteros.com\/wp-content\/uploads\/2019\/11\/Grup-Riera-alta-Logotipo-1.jpg","contentUrl":"https:\/\/veterinariveteros.com\/wp-content\/uploads\/2019\/11\/Grup-Riera-alta-Logotipo-1.jpg","width":468,"height":138,"caption":"Centre Veterinari Veteros"},"image":{"@id":"https:\/\/veterinariveteros.com\/es\/#\/schema\/logo\/image\/"}}]}},"_links":{"self":[{"href":"https:\/\/veterinariveteros.com\/es\/wp-json\/wp\/v2\/pages\/4080","targetHints":{"allow":["GET"]}}],"collection":[{"href":"https:\/\/veterinariveteros.com\/es\/wp-json\/wp\/v2\/pages"}],"about":[{"href":"https:\/\/veterinariveteros.com\/es\/wp-json\/wp\/v2\/types\/page"}],"author":[{"embeddable":true,"href":"https:\/\/veterinariveteros.com\/es\/wp-json\/wp\/v2\/users\/2"}],"replies":[{"embeddable":true,"href":"https:\/\/veterinariveteros.com\/es\/wp-json\/wp\/v2\/comments?post=4080"}],"version-history":[{"count":0,"href":"https:\/\/veterinariveteros.com\/es\/wp-json\/wp\/v2\/pages\/4080\/revisions"}],"up":[{"embeddable":true,"href":"https:\/\/veterinariveteros.com\/es\/wp-json\/wp\/v2\/pages\/1071"}],"wp:attachment":[{"href":"https:\/\/veterinariveteros.com\/es\/wp-json\/wp\/v2\/media?parent=4080"}],"wp:term":[{"taxonomy":"estat","embeddable":true,"href":"https:\/\/veterinariveteros.com\/es\/wp-json\/wp\/v2\/estat?post=4080"}],"curies":[{"name":"wp","href":"https:\/\/api.w.org\/{rel}","templated":true}]}}