{"id":4507,"date":"2023-01-10T10:00:46","date_gmt":"2023-01-10T09:00:46","guid":{"rendered":"https:\/\/veterinariveteros.com\/campanas\/revisio-geriatria\/"},"modified":"2024-08-12T12:46:07","modified_gmt":"2024-08-12T10:46:07","slug":"revision-geriatria","status":"publish","type":"page","link":"https:\/\/veterinariveteros.com\/es\/campanas\/revision-geriatria\/","title":{"rendered":"Revisi\u00f3n geriatr\u00eda"},"content":{"rendered":"<p>[et_pb_section fb_built=\u00bb1&#8243; admin_label=\u00bbPage Title Section\u00bb _builder_version=\u00bb4.16&#8243; use_background_color_gradient=\u00bbon\u00bb background_color_gradient_direction=\u00bb120deg\u00bb background_color_gradient_stops=\u00bb#00164d 0%|rgba(0,0,0,0) 100%\u00bb background_color_gradient_overlays_image=\u00bbon\u00bb background_color_gradient_start=\u00bb#00164d\u00bb background_color_gradient_end=\u00bbrgba(0,0,0,0)\u00bb background_image=\u00bbhttps:\/\/veterinariveteros.com\/wp-content\/uploads\/2022\/01\/hombre-mayor-perro-senior-en-brazos.jpg\u00bb custom_padding=\u00bb110px||110px|\u00bb global_colors_info=\u00bb{}\u00bb][et_pb_row column_structure=\u00bb1_2,1_2&#8243; admin_label=\u00bbPage Title Area\u00bb _builder_version=\u00bb4.16&#8243; background_size=\u00bbinitial\u00bb background_position=\u00bbtop_left\u00bb background_repeat=\u00bbrepeat\u00bb locked=\u00bboff\u00bb global_colors_info=\u00bb{}\u00bb][et_pb_column type=\u00bb1_2&#8243; _builder_version=\u00bb4.16&#8243; custom_padding=\u00bb|||\u00bb global_colors_info=\u00bb{}\u00bb custom_padding__hover=\u00bb|||\u00bb][et_pb_text admin_label=\u00bbTitle\u00bb _builder_version=\u00bb4.16&#8243; text_font=\u00bb||||||||\u00bb header_font=\u00bbPoppins|600|||||||\u00bb header_font_size=\u00bb60px\u00bb header_line_height=\u00bb1.2em\u00bb header_2_font=\u00bb||||||||\u00bb header_2_font_size=\u00bb60px\u00bb background_layout=\u00bbdark\u00bb custom_margin=\u00bb||20px|\u00bb custom_padding=\u00bb|||\u00bb animation_style=\u00bbfade\u00bb header_font_size_tablet=\u00bb\u00bb header_font_size_phone=\u00bb40px\u00bb header_font_size_last_edited=\u00bbon|phone\u00bb global_colors_info=\u00bb{}\u00bb]<\/p>\n<h1>Revisi\u00f3n geriatr\u00eda<\/h1>\n<p>[\/et_pb_text][et_pb_text admin_label=\u00bbPage Subtitle\u00bb _builder_version=\u00bb4.27.0&#8243; text_font=\u00bbPoppins||||||||\u00bb text_font_size=\u00bb18px\u00bb text_line_height=\u00bb1.8em\u00bb header_font=\u00bb||||||||\u00bb background_layout=\u00bbdark\u00bb animation_style=\u00bbfade\u00bb hover_enabled=\u00bb0&#8243; global_colors_info=\u00bb{}\u00bb disabled_on=\u00bbon|on|on\u00bb disabled=\u00bbon\u00bb sticky_enabled=\u00bb0&#8243;]<\/p>\n<p>100\u20ac de descuento del 16 de enero al 15 de febrero<\/p>\n<p>[\/et_pb_text][\/et_pb_column][et_pb_column type=\u00bb1_2&#8243; _builder_version=\u00bb4.16&#8243; custom_padding=\u00bb|||\u00bb global_colors_info=\u00bb{}\u00bb custom_padding__hover=\u00bb|||\u00bb][\/et_pb_column][\/et_pb_row][\/et_pb_section][et_pb_section fb_built=\u00bb1&#8243; _builder_version=\u00bb4.16&#8243; custom_padding=\u00bb95px||131px|||\u00bb global_colors_info=\u00bb{}\u00bb][et_pb_row _builder_version=\u00bb4.16&#8243; custom_padding=\u00bb||34px|||\u00bb global_colors_info=\u00bb{}\u00bb][et_pb_column type=\u00bb4_4&#8243; _builder_version=\u00bb4.16&#8243; global_colors_info=\u00bb{}\u00bb][et_pb_text admin_label=\u00bbTitle\u00bb _builder_version=\u00bb4.19.4&#8243; text_font=\u00bb||||||||\u00bb header_font=\u00bb||||||||\u00bb header_2_font=\u00bbPoppins|600|||||||\u00bb header_2_font_size=\u00bb36px\u00bb header_2_line_height=\u00bb1.2em\u00bb background_layout=\u00bbdark\u00bb animation_style=\u00bbfold\u00bb animation_direction=\u00bbleft\u00bb animation_intensity_fold=\u00bb10%\u00bb animation_starting_opacity=\u00bb100%\u00bb locked=\u00bboff\u00bb global_colors_info=\u00bb{}\u00bb]<\/p>\n<h2 class=\"wsite-content-title\" style=\"text-align: center\"><span style=\"color: #00164d\">Cuida lo m\u00e1s importante, su salud<\/span><\/h2>\n<p>[\/et_pb_text][et_pb_text admin_label=\u00bbTitle\u00bb _builder_version=\u00bb4.19.4&#8243; text_font=\u00bb||||||||\u00bb header_font=\u00bb||||||||\u00bb header_2_font=\u00bbPoppins|600|||||||\u00bb header_2_font_size=\u00bb36px\u00bb header_2_line_height=\u00bb1.2em\u00bb background_layout=\u00bbdark\u00bb animation_style=\u00bbfold\u00bb animation_direction=\u00bbleft\u00bb animation_intensity_fold=\u00bb10%\u00bb animation_starting_opacity=\u00bb100%\u00bb locked=\u00bboff\u00bb global_colors_info=\u00bb{}\u00bb]<\/p>\n<h3 class=\"wsite-content-title\" style=\"text-align: center\"><span style=\"color: #00164d\">Haz una revisi\u00f3n a tu mascota s\u00e9nior para prevenir enfermedades y garantizar su calidad de vida. Su salud es lo m\u00e1s importante en esta etapa. Cuidamos a los que m\u00e1s quieres.<br \/><\/span><\/h3>\n<p>[\/et_pb_text][et_pb_divider color=\u00bbgcid-cf4d5fad-6f37-4647-b6db-9cce13ff169f\u00bb divider_position=\u00bbcenter\u00bb divider_weight=\u00bb3px\u00bb _builder_version=\u00bb4.27.0&#8243; max_width=\u00bb50px\u00bb module_alignment=\u00bbcenter\u00bb animation_style=\u00bbslide\u00bb animation_direction=\u00bbtop\u00bb animation_intensity_slide=\u00bb10%\u00bb animation_starting_opacity=\u00bb100%\u00bb hover_enabled=\u00bb0&#8243; locked=\u00bboff\u00bb global_colors_info=\u00bb{%22gcid-cf4d5fad-6f37-4647-b6db-9cce13ff169f%22:%91%22color%22%93}\u00bb sticky_enabled=\u00bb0&#8243;][\/et_pb_divider][\/et_pb_column][\/et_pb_row][et_pb_row _builder_version=\u00bb4.16&#8243; global_colors_info=\u00bb{}\u00bb][et_pb_column type=\u00bb4_4&#8243; _builder_version=\u00bb4.16&#8243; global_colors_info=\u00bb{}\u00bb][et_pb_text _builder_version=\u00bb4.19.4&#8243; text_font=\u00bbPoppins||||||||\u00bb text_text_color=\u00bb#666666&#8243; text_font_size=\u00bb18px\u00bb text_line_height=\u00bb1.8em\u00bb global_colors_info=\u00bb{}\u00bb]<\/p>\n<p style=\"text-align: center\">Tu mascota ha cumplido ocho a\u00f1os y comienza una etapa nueva para ella. A partir de ahora necesitar\u00e1 realizar revisiones de car\u00e1cter preventivo. Con una revisi\u00f3n anual, podemos detectar y prevenir enfermedades, garantizando a tu fiel amigo una mejor calidad de vida.<\/p>\n<p>[\/et_pb_text][\/et_pb_column][\/et_pb_row][et_pb_row column_structure=\u00bb1_2,1_2&#8243; _builder_version=\u00bb4.16&#8243; custom_padding=\u00bb28px|||||\u00bb global_colors_info=\u00bb{}\u00bb][et_pb_column type=\u00bb1_2&#8243; _builder_version=\u00bb4.16&#8243; global_colors_info=\u00bb{}\u00bb][et_pb_image src=\u00bbhttps:\/\/veterinariveteros.com\/wp-content\/uploads\/2020\/02\/127.jpg\u00bb alt=\u00bbperro en consulta con veterinaria\u00bb title_text=\u00bb127&#8243; _builder_version=\u00bb4.16&#8243; min_height=\u00bb303px\u00bb custom_margin=\u00bb-1px|||||\u00bb global_colors_info=\u00bb{}\u00bb][\/et_pb_image][et_pb_button button_url=\u00bb@ET-DC@eyJkeW5hbWljIjp0cnVlLCJjb250ZW50IjoicG9zdF9saW5rX3VybF9wYWdlIiwic2V0dGluZ3MiOnsicG9zdF9pZCI6IjQ0NzgifX0=@\u00bb button_text=\u00bbRevisi\u00f3n perro\u00bb button_alignment=\u00bbcenter\u00bb _builder_version=\u00bb4.27.0&#8243; _dynamic_attributes=\u00bbbutton_url\u00bb hover_enabled=\u00bb0&#8243; global_colors_info=\u00bb{%22gcid-cf4d5fad-6f37-4647-b6db-9cce13ff169f%22:%91%22button_bg_color%22%93,%22gcid-58ebc60f-c9b1-4f66-af67-6acc30e0c3cc%22:%91%22button_bg_color%22,%22button_border_color%22%93}\u00bb button_text_color=\u00bb#FFFFFF\u00bb button_bg_color=\u00bbgcid-58ebc60f-c9b1-4f66-af67-6acc30e0c3cc\u00bb button_border_color=\u00bbgcid-58ebc60f-c9b1-4f66-af67-6acc30e0c3cc\u00bb sticky_enabled=\u00bb0&#8243;][\/et_pb_button][\/et_pb_column][et_pb_column type=\u00bb1_2&#8243; _builder_version=\u00bb4.16&#8243; global_colors_info=\u00bb{}\u00bb][et_pb_image src=\u00bbhttps:\/\/veterinariveteros.com\/wp-content\/uploads\/2020\/03\/veteros-instalaciones-medicina-interna.jpg\u00bb alt=\u00bbperro en consulta con veterinaria\u00bb title_text=\u00bbveteros-instalaciones-medicina-interna\u00bb _builder_version=\u00bb4.21.0&#8243; min_height=\u00bb303px\u00bb custom_margin=\u00bb-1px|||||\u00bb global_colors_info=\u00bb{}\u00bb][\/et_pb_image][et_pb_button button_url=\u00bb@ET-DC@eyJkeW5hbWljIjp0cnVlLCJjb250ZW50IjoicG9zdF9saW5rX3VybF9wYWdlIiwic2V0dGluZ3MiOnsicG9zdF9pZCI6IjQ1MDgifX0=@\u00bb button_text=\u00bbRevisi\u00f3n Gato\u00bb button_alignment=\u00bbcenter\u00bb _builder_version=\u00bb4.27.0&#8243; _dynamic_attributes=\u00bbbutton_url\u00bb global_colors_info=\u00bb{%22gcid-cf4d5fad-6f37-4647-b6db-9cce13ff169f%22:%91%22button_bg_color%22%93,%22gcid-58ebc60f-c9b1-4f66-af67-6acc30e0c3cc%22:%91%22button_bg_color%22,%22button_border_color%22%93}\u00bb button_text_color=\u00bb#FFFFFF\u00bb button_bg_color=\u00bbgcid-58ebc60f-c9b1-4f66-af67-6acc30e0c3cc\u00bb button_border_color=\u00bbgcid-58ebc60f-c9b1-4f66-af67-6acc30e0c3cc\u00bb hover_enabled=\u00bb0&#8243; sticky_enabled=\u00bb0&#8243;][\/et_pb_button][\/et_pb_column][\/et_pb_row][\/et_pb_section]<\/p>\n","protected":false},"excerpt":{"rendered":"<p>Revisi\u00f3n geriatr\u00eda100\u20ac de descuento del 16 de enero al 15 de febreroCuida lo m\u00e1s importante, su saludHaz una revisi\u00f3n a tu mascota s\u00e9nior para prevenir enfermedades y garantizar su calidad de vida. Su salud es lo m\u00e1s importante en esta etapa. Cuidamos a los que m\u00e1s quieres.Tu mascota ha cumplido ocho a\u00f1os y comienza una [&hellip;]<\/p>\n","protected":false},"author":2,"featured_media":0,"parent":1071,"menu_order":0,"comment_status":"closed","ping_status":"closed","template":"","meta":{"_et_pb_use_builder":"on","_et_pb_old_content":"","_et_gb_content_width":"","footnotes":""},"estat":[],"class_list":["post-4507","page","type-page","status-publish","hentry"],"yoast_head":"<!-- This site is optimized with the Yoast SEO plugin v27.1.1 - https:\/\/yoast.com\/product\/yoast-seo-wordpress\/ -->\n<title>Revisi\u00f3n geriatr\u00eda - Cl\u00ednica Veterinaria Veteros<\/title>\n<meta name=\"robots\" content=\"noindex, follow\" \/>\n<meta property=\"og:locale\" content=\"es_ES\" \/>\n<meta property=\"og:type\" content=\"article\" \/>\n<meta property=\"og:title\" content=\"Revisi\u00f3n geriatr\u00eda - Cl\u00ednica Veterinaria Veteros\" \/>\n<meta property=\"og:description\" content=\"Revisi\u00f3n geriatr\u00eda100\u20ac de descuento del 16 de enero al 15 de febreroCuida lo m\u00e1s importante, su saludHaz una revisi\u00f3n a tu mascota s\u00e9nior para prevenir enfermedades y garantizar su calidad de vida. Su salud es lo m\u00e1s importante en esta etapa. Cuidamos a los que m\u00e1s quieres.Tu mascota ha cumplido ocho a\u00f1os y comienza una [&hellip;]\" \/>\n<meta property=\"og:url\" content=\"https:\/\/veterinariveteros.com\/es\/campanas\/revision-geriatria\/\" \/>\n<meta property=\"og:site_name\" content=\"Cl\u00ednica Veterinaria Veteros\" \/>\n<meta property=\"article:modified_time\" content=\"2024-08-12T10:46:07+00:00\" \/>\n<meta name=\"twitter:card\" content=\"summary_large_image\" \/>\n<meta name=\"twitter:label1\" content=\"Tiempo de lectura\" \/>\n\t<meta name=\"twitter:data1\" content=\"2 minutos\" \/>\n<script type=\"application\/ld+json\" class=\"yoast-schema-graph\">{\"@context\":\"https:\/\/schema.org\",\"@graph\":[{\"@type\":\"WebPage\",\"@id\":\"https:\/\/veterinariveteros.com\/es\/campanas\/revision-geriatria\/\",\"url\":\"https:\/\/veterinariveteros.com\/es\/campanas\/revision-geriatria\/\",\"name\":\"Revisi\u00f3n geriatr\u00eda - Cl\u00ednica Veterinaria Veteros\",\"isPartOf\":{\"@id\":\"https:\/\/veterinariveteros.com\/es\/#website\"},\"datePublished\":\"2023-01-10T09:00:46+00:00\",\"dateModified\":\"2024-08-12T10:46:07+00:00\",\"breadcrumb\":{\"@id\":\"https:\/\/veterinariveteros.com\/es\/campanas\/revision-geriatria\/#breadcrumb\"},\"inLanguage\":\"es\",\"potentialAction\":[{\"@type\":\"ReadAction\",\"target\":[\"https:\/\/veterinariveteros.com\/es\/campanas\/revision-geriatria\/\"]}]},{\"@type\":\"BreadcrumbList\",\"@id\":\"https:\/\/veterinariveteros.com\/es\/campanas\/revision-geriatria\/#breadcrumb\",\"itemListElement\":[{\"@type\":\"ListItem\",\"position\":1,\"name\":\"Home\",\"item\":\"https:\/\/veterinariveteros.com\/es\/\"},{\"@type\":\"ListItem\",\"position\":2,\"name\":\"Campa\u00f1as\",\"item\":\"https:\/\/veterinariveteros.com\/es\/campanyes\/\"},{\"@type\":\"ListItem\",\"position\":3,\"name\":\"Revisi\u00f3n geriatr\u00eda\"}]},{\"@type\":\"WebSite\",\"@id\":\"https:\/\/veterinariveteros.com\/es\/#website\",\"url\":\"https:\/\/veterinariveteros.com\/es\/\",\"name\":\"Cl\u00ednica Veterinaria Veteros\",\"description\":\"Cl\u00ednica Veterinaria Veteros\",\"publisher\":{\"@id\":\"https:\/\/veterinariveteros.com\/es\/#organization\"},\"potentialAction\":[{\"@type\":\"SearchAction\",\"target\":{\"@type\":\"EntryPoint\",\"urlTemplate\":\"https:\/\/veterinariveteros.com\/es\/?s={search_term_string}\"},\"query-input\":{\"@type\":\"PropertyValueSpecification\",\"valueRequired\":true,\"valueName\":\"search_term_string\"}}],\"inLanguage\":\"es\"},{\"@type\":\"Organization\",\"@id\":\"https:\/\/veterinariveteros.com\/es\/#organization\",\"name\":\"Centre Veterinari Veteros\",\"url\":\"https:\/\/veterinariveteros.com\/es\/\",\"logo\":{\"@type\":\"ImageObject\",\"inLanguage\":\"es\",\"@id\":\"https:\/\/veterinariveteros.com\/es\/#\/schema\/logo\/image\/\",\"url\":\"https:\/\/veterinariveteros.com\/wp-content\/uploads\/2019\/11\/Grup-Riera-alta-Logotipo-1.jpg\",\"contentUrl\":\"https:\/\/veterinariveteros.com\/wp-content\/uploads\/2019\/11\/Grup-Riera-alta-Logotipo-1.jpg\",\"width\":468,\"height\":138,\"caption\":\"Centre Veterinari Veteros\"},\"image\":{\"@id\":\"https:\/\/veterinariveteros.com\/es\/#\/schema\/logo\/image\/\"}}]}<\/script>\n<!-- \/ Yoast SEO plugin. -->","yoast_head_json":{"title":"Revisi\u00f3n geriatr\u00eda - Cl\u00ednica Veterinaria Veteros","robots":{"index":"noindex","follow":"follow"},"og_locale":"es_ES","og_type":"article","og_title":"Revisi\u00f3n geriatr\u00eda - Cl\u00ednica Veterinaria Veteros","og_description":"Revisi\u00f3n geriatr\u00eda100\u20ac de descuento del 16 de enero al 15 de febreroCuida lo m\u00e1s importante, su saludHaz una revisi\u00f3n a tu mascota s\u00e9nior para prevenir enfermedades y garantizar su calidad de vida. Su salud es lo m\u00e1s importante en esta etapa. Cuidamos a los que m\u00e1s quieres.Tu mascota ha cumplido ocho a\u00f1os y comienza una [&hellip;]","og_url":"https:\/\/veterinariveteros.com\/es\/campanas\/revision-geriatria\/","og_site_name":"Cl\u00ednica Veterinaria Veteros","article_modified_time":"2024-08-12T10:46:07+00:00","twitter_card":"summary_large_image","twitter_misc":{"Tiempo de lectura":"2 minutos"},"schema":{"@context":"https:\/\/schema.org","@graph":[{"@type":"WebPage","@id":"https:\/\/veterinariveteros.com\/es\/campanas\/revision-geriatria\/","url":"https:\/\/veterinariveteros.com\/es\/campanas\/revision-geriatria\/","name":"Revisi\u00f3n geriatr\u00eda - Cl\u00ednica Veterinaria Veteros","isPartOf":{"@id":"https:\/\/veterinariveteros.com\/es\/#website"},"datePublished":"2023-01-10T09:00:46+00:00","dateModified":"2024-08-12T10:46:07+00:00","breadcrumb":{"@id":"https:\/\/veterinariveteros.com\/es\/campanas\/revision-geriatria\/#breadcrumb"},"inLanguage":"es","potentialAction":[{"@type":"ReadAction","target":["https:\/\/veterinariveteros.com\/es\/campanas\/revision-geriatria\/"]}]},{"@type":"BreadcrumbList","@id":"https:\/\/veterinariveteros.com\/es\/campanas\/revision-geriatria\/#breadcrumb","itemListElement":[{"@type":"ListItem","position":1,"name":"Home","item":"https:\/\/veterinariveteros.com\/es\/"},{"@type":"ListItem","position":2,"name":"Campa\u00f1as","item":"https:\/\/veterinariveteros.com\/es\/campanyes\/"},{"@type":"ListItem","position":3,"name":"Revisi\u00f3n geriatr\u00eda"}]},{"@type":"WebSite","@id":"https:\/\/veterinariveteros.com\/es\/#website","url":"https:\/\/veterinariveteros.com\/es\/","name":"Cl\u00ednica Veterinaria Veteros","description":"Cl\u00ednica Veterinaria Veteros","publisher":{"@id":"https:\/\/veterinariveteros.com\/es\/#organization"},"potentialAction":[{"@type":"SearchAction","target":{"@type":"EntryPoint","urlTemplate":"https:\/\/veterinariveteros.com\/es\/?s={search_term_string}"},"query-input":{"@type":"PropertyValueSpecification","valueRequired":true,"valueName":"search_term_string"}}],"inLanguage":"es"},{"@type":"Organization","@id":"https:\/\/veterinariveteros.com\/es\/#organization","name":"Centre Veterinari Veteros","url":"https:\/\/veterinariveteros.com\/es\/","logo":{"@type":"ImageObject","inLanguage":"es","@id":"https:\/\/veterinariveteros.com\/es\/#\/schema\/logo\/image\/","url":"https:\/\/veterinariveteros.com\/wp-content\/uploads\/2019\/11\/Grup-Riera-alta-Logotipo-1.jpg","contentUrl":"https:\/\/veterinariveteros.com\/wp-content\/uploads\/2019\/11\/Grup-Riera-alta-Logotipo-1.jpg","width":468,"height":138,"caption":"Centre Veterinari Veteros"},"image":{"@id":"https:\/\/veterinariveteros.com\/es\/#\/schema\/logo\/image\/"}}]}},"_links":{"self":[{"href":"https:\/\/veterinariveteros.com\/es\/wp-json\/wp\/v2\/pages\/4507","targetHints":{"allow":["GET"]}}],"collection":[{"href":"https:\/\/veterinariveteros.com\/es\/wp-json\/wp\/v2\/pages"}],"about":[{"href":"https:\/\/veterinariveteros.com\/es\/wp-json\/wp\/v2\/types\/page"}],"author":[{"embeddable":true,"href":"https:\/\/veterinariveteros.com\/es\/wp-json\/wp\/v2\/users\/2"}],"replies":[{"embeddable":true,"href":"https:\/\/veterinariveteros.com\/es\/wp-json\/wp\/v2\/comments?post=4507"}],"version-history":[{"count":0,"href":"https:\/\/veterinariveteros.com\/es\/wp-json\/wp\/v2\/pages\/4507\/revisions"}],"up":[{"embeddable":true,"href":"https:\/\/veterinariveteros.com\/es\/wp-json\/wp\/v2\/pages\/1071"}],"wp:attachment":[{"href":"https:\/\/veterinariveteros.com\/es\/wp-json\/wp\/v2\/media?parent=4507"}],"wp:term":[{"taxonomy":"estat","embeddable":true,"href":"https:\/\/veterinariveteros.com\/es\/wp-json\/wp\/v2\/estat?post=4507"}],"curies":[{"name":"wp","href":"https:\/\/api.w.org\/{rel}","templated":true}]}}