{"id":475,"date":"2019-11-04T16:39:25","date_gmt":"2019-11-04T15:39:25","guid":{"rendered":"https:\/\/veterinariveteros.com\/?page_id=475"},"modified":"2026-03-18T21:05:32","modified_gmt":"2026-03-18T20:05:32","slug":"instalaciones","status":"publish","type":"page","link":"https:\/\/veterinariveteros.com\/es\/instalaciones\/","title":{"rendered":"Instalaciones"},"content":{"rendered":"<p>[et_pb_section fb_built=\u00bb1&#8243; admin_label=\u00bbPage Title Section\u00bb _builder_version=\u00bb4.27.4&#8243; background_color=\u00bbgcid-58ebc60f-c9b1-4f66-af67-6acc30e0c3cc\u00bb use_background_color_gradient=\u00bbon\u00bb background_color_gradient_direction=\u00bb120deg\u00bb background_color_gradient_stops=\u00bbgcid-secondary-color 0%|rgba(0,0,0,0) 50%\u00bb background_color_gradient_overlays_image=\u00bbon\u00bb background_color_gradient_start=\u00bb#00164d\u00bb background_color_gradient_end=\u00bbrgba(0,0,0,0)\u00bb background_image=\u00bbhttps:\/\/veterinariveteros.com\/wp-content\/uploads\/2020\/03\/veteros.instalaciones-01-1.jpg\u00bb custom_padding=\u00bb110px||110px|\u00bb global_colors_info=\u00bb{%22gcid-58ebc60f-c9b1-4f66-af67-6acc30e0c3cc%22:%91%22background_color%22,%22background_color_gradient_stops%22%93,%22gcid-secondary-color%22:%91%22background_color_gradient_stops%22,%22background_color_gradient_stops%22%93}\u00bb][et_pb_row column_structure=\u00bb1_2,1_2&#8243; admin_label=\u00bbPage Title Area\u00bb _builder_version=\u00bb4.16&#8243; background_size=\u00bbinitial\u00bb background_position=\u00bbtop_left\u00bb background_repeat=\u00bbrepeat\u00bb global_colors_info=\u00bb{}\u00bb][et_pb_column type=\u00bb1_2&#8243; _builder_version=\u00bb4.16&#8243; custom_padding=\u00bb|||\u00bb global_colors_info=\u00bb{}\u00bb custom_padding__hover=\u00bb|||\u00bb][et_pb_text admin_label=\u00bbTitle\u00bb _builder_version=\u00bb4.16&#8243; text_font=\u00bb||||||||\u00bb header_font=\u00bbPoppins|600|||||||\u00bb header_font_size=\u00bb60px\u00bb header_line_height=\u00bb1.2em\u00bb header_2_font=\u00bb||||||||\u00bb header_2_font_size=\u00bb60px\u00bb background_layout=\u00bbdark\u00bb custom_margin=\u00bb||20px|\u00bb custom_padding=\u00bb|||\u00bb animation_style=\u00bbfade\u00bb header_font_size_tablet=\u00bb\u00bb header_font_size_phone=\u00bb40px\u00bb header_font_size_last_edited=\u00bbon|phone\u00bb global_colors_info=\u00bb{}\u00bb]<\/p>\n<h1>Instalaciones<\/h1>\n<p>[\/et_pb_text][\/et_pb_column][et_pb_column type=\u00bb1_2&#8243; _builder_version=\u00bb4.16&#8243; custom_padding=\u00bb|||\u00bb global_colors_info=\u00bb{}\u00bb custom_padding__hover=\u00bb|||\u00bb][\/et_pb_column][\/et_pb_row][\/et_pb_section][et_pb_section fb_built=\u00bb1&#8243; _builder_version=\u00bb4.16&#8243; background_color=\u00bb#ffffff\u00bb custom_padding=\u00bb90px||125px|||\u00bb global_colors_info=\u00bb{}\u00bb][et_pb_row _builder_version=\u00bb4.16&#8243; custom_padding=\u00bb||81px|||\u00bb global_colors_info=\u00bb{}\u00bb][et_pb_column type=\u00bb4_4&#8243; _builder_version=\u00bb4.16&#8243; global_colors_info=\u00bb{}\u00bb][et_pb_text admin_label=\u00bbTitle\u00bb _builder_version=\u00bb4.16&#8243; text_font=\u00bb||||||||\u00bb header_font=\u00bb||||||||\u00bb header_2_font=\u00bbPoppins|600|||||||\u00bb header_2_font_size=\u00bb36px\u00bb header_2_line_height=\u00bb1.2em\u00bb background_layout=\u00bbdark\u00bb custom_margin=\u00bb||-1px|||\u00bb animation_style=\u00bbfold\u00bb animation_direction=\u00bbleft\u00bb animation_intensity_fold=\u00bb10%\u00bb animation_starting_opacity=\u00bb100%\u00bb locked=\u00bboff\u00bb global_colors_info=\u00bb{}\u00bb]<\/p>\n<h2 style=\"text-align: center\"><span style=\"color: #00164d\">La mejor tecnolog\u00eda en nuestra cl\u00ednica veterinaria de Barcelona<\/span><\/h2>\n<p>[\/et_pb_text][et_pb_divider color=\u00bbgcid-cf4d5fad-6f37-4647-b6db-9cce13ff169f\u00bb divider_position=\u00bbcenter\u00bb divider_weight=\u00bb3px\u00bb _builder_version=\u00bb4.27.0&#8243; max_width=\u00bb50px\u00bb module_alignment=\u00bbcenter\u00bb animation_style=\u00bbslide\u00bb animation_direction=\u00bbtop\u00bb animation_intensity_slide=\u00bb10%\u00bb animation_starting_opacity=\u00bb100%\u00bb locked=\u00bboff\u00bb global_colors_info=\u00bb{%22gcid-cf4d5fad-6f37-4647-b6db-9cce13ff169f%22:%91%22color%22%93}\u00bb][\/et_pb_divider][et_pb_text _builder_version=\u00bb4.16&#8243; text_font=\u00bbPoppins||||||||\u00bb text_text_color=\u00bb#666666&#8243; text_font_size=\u00bb18px\u00bb text_line_height=\u00bb1.8em\u00bb custom_margin=\u00bb25px|||\u00bb animation_style=\u00bbfold\u00bb animation_direction=\u00bbleft\u00bb animation_intensity_fold=\u00bb10%\u00bb animation_starting_opacity=\u00bb100%\u00bb global_colors_info=\u00bb{}\u00bb]<\/p>\n<p style=\"text-align: center\">Cuidamos tu mascota con las t\u00e9cnicas y protocolos m\u00e9dicos m\u00e1s avanzados. En nuestro centro veterinario del Eixample de Barcelona disponemos de equipamientos de alta calidad para garantizar la salud de los pacientes, ofreciendo un servicio profesional e individualizado que asegura la m\u00e1xima atenci\u00f3n y seguridad en los procesos m\u00e9dicos.<\/p>\n<p>[\/et_pb_text][\/et_pb_column][\/et_pb_row][et_pb_row _builder_version=\u00bb4.16&#8243; global_colors_info=\u00bb{}\u00bb locked=\u00bboff\u00bb][et_pb_column type=\u00bb4_4&#8243; _builder_version=\u00bb4.16&#8243; global_colors_info=\u00bb{}\u00bb][et_pb_gallery gallery_ids=\u00bb3034,3038,2974,3042,3015,3032,3059,3036,3055,3046,3024,3040&#8243; posts_number=\u00bb16&#8243; show_title_and_caption=\u00bboff\u00bb show_pagination=\u00bboff\u00bb _builder_version=\u00bb4.27.4&#8243; global_colors_info=\u00bb{}\u00bb][\/et_pb_gallery][\/et_pb_column][\/et_pb_row][\/et_pb_section]<\/p>\n","protected":false},"excerpt":{"rendered":"<p>InstalacionesLa mejor tecnolog\u00eda en nuestra cl\u00ednica veterinaria de BarcelonaCuidamos tu mascota con las t\u00e9cnicas y protocolos m\u00e9dicos m\u00e1s avanzados. En nuestro centro veterinario del Eixample de Barcelona disponemos de equipamientos de alta calidad para garantizar la salud de los pacientes, ofreciendo un servicio profesional e individualizado que asegura la m\u00e1xima atenci\u00f3n y seguridad en los [&hellip;]<\/p>\n","protected":false},"author":4,"featured_media":0,"parent":0,"menu_order":0,"comment_status":"closed","ping_status":"closed","template":"","meta":{"_et_pb_use_builder":"on","_et_pb_old_content":"","_et_gb_content_width":"","footnotes":""},"estat":[],"class_list":["post-475","page","type-page","status-publish","hentry"],"yoast_head":"<!-- This site is optimized with the Yoast SEO plugin v27.1.1 - https:\/\/yoast.com\/product\/yoast-seo-wordpress\/ -->\n<title>Instalaciones de Veteros Cl\u00ednica Veterinaria de Barcelona<\/title>\n<meta name=\"description\" content=\"La mejor tecnolog\u00eda, instalaciones y equipamientos modernos en nuestra cl\u00ednica veterinaria del Eixample de Barcelona.\" \/>\n<meta name=\"robots\" content=\"index, follow, max-snippet:-1, max-image-preview:large, max-video-preview:-1\" \/>\n<link rel=\"canonical\" href=\"https:\/\/veterinariveteros.com\/es\/instalaciones\/\" \/>\n<meta property=\"og:locale\" content=\"es_ES\" \/>\n<meta property=\"og:type\" content=\"article\" \/>\n<meta property=\"og:title\" content=\"Instalaciones de Veteros Cl\u00ednica Veterinaria de Barcelona\" \/>\n<meta property=\"og:description\" content=\"La mejor tecnolog\u00eda, instalaciones y equipamientos modernos en nuestra cl\u00ednica veterinaria del Eixample de Barcelona.\" \/>\n<meta property=\"og:url\" content=\"https:\/\/veterinariveteros.com\/es\/instalaciones\/\" \/>\n<meta property=\"og:site_name\" content=\"Cl\u00ednica Veterinaria Veteros\" \/>\n<meta property=\"article:modified_time\" content=\"2026-03-18T20:05:32+00:00\" \/>\n<meta name=\"twitter:card\" content=\"summary_large_image\" \/>\n<meta name=\"twitter:label1\" content=\"Tiempo de lectura\" \/>\n\t<meta name=\"twitter:data1\" content=\"3 minutos\" \/>\n<script type=\"application\/ld+json\" class=\"yoast-schema-graph\">{\"@context\":\"https:\/\/schema.org\",\"@graph\":[{\"@type\":\"WebPage\",\"@id\":\"https:\/\/veterinariveteros.com\/es\/instalaciones\/\",\"url\":\"https:\/\/veterinariveteros.com\/es\/instalaciones\/\",\"name\":\"Instalaciones de Veteros Cl\u00ednica Veterinaria de Barcelona\",\"isPartOf\":{\"@id\":\"https:\/\/veterinariveteros.com\/es\/#website\"},\"datePublished\":\"2019-11-04T15:39:25+00:00\",\"dateModified\":\"2026-03-18T20:05:32+00:00\",\"description\":\"La mejor tecnolog\u00eda, instalaciones y equipamientos modernos en nuestra cl\u00ednica veterinaria del Eixample de Barcelona.\",\"breadcrumb\":{\"@id\":\"https:\/\/veterinariveteros.com\/es\/instalaciones\/#breadcrumb\"},\"inLanguage\":\"es\",\"potentialAction\":[{\"@type\":\"ReadAction\",\"target\":[\"https:\/\/veterinariveteros.com\/es\/instalaciones\/\"]}]},{\"@type\":\"BreadcrumbList\",\"@id\":\"https:\/\/veterinariveteros.com\/es\/instalaciones\/#breadcrumb\",\"itemListElement\":[{\"@type\":\"ListItem\",\"position\":1,\"name\":\"Home\",\"item\":\"https:\/\/veterinariveteros.com\/es\/\"},{\"@type\":\"ListItem\",\"position\":2,\"name\":\"Instalaciones\"}]},{\"@type\":\"WebSite\",\"@id\":\"https:\/\/veterinariveteros.com\/es\/#website\",\"url\":\"https:\/\/veterinariveteros.com\/es\/\",\"name\":\"Cl\u00ednica Veterinaria Veteros\",\"description\":\"Cl\u00ednica Veterinaria Veteros\",\"publisher\":{\"@id\":\"https:\/\/veterinariveteros.com\/es\/#organization\"},\"potentialAction\":[{\"@type\":\"SearchAction\",\"target\":{\"@type\":\"EntryPoint\",\"urlTemplate\":\"https:\/\/veterinariveteros.com\/es\/?s={search_term_string}\"},\"query-input\":{\"@type\":\"PropertyValueSpecification\",\"valueRequired\":true,\"valueName\":\"search_term_string\"}}],\"inLanguage\":\"es\"},{\"@type\":\"Organization\",\"@id\":\"https:\/\/veterinariveteros.com\/es\/#organization\",\"name\":\"Centre Veterinari Veteros\",\"url\":\"https:\/\/veterinariveteros.com\/es\/\",\"logo\":{\"@type\":\"ImageObject\",\"inLanguage\":\"es\",\"@id\":\"https:\/\/veterinariveteros.com\/es\/#\/schema\/logo\/image\/\",\"url\":\"https:\/\/veterinariveteros.com\/wp-content\/uploads\/2019\/11\/Grup-Riera-alta-Logotipo-1.jpg\",\"contentUrl\":\"https:\/\/veterinariveteros.com\/wp-content\/uploads\/2019\/11\/Grup-Riera-alta-Logotipo-1.jpg\",\"width\":468,\"height\":138,\"caption\":\"Centre Veterinari Veteros\"},\"image\":{\"@id\":\"https:\/\/veterinariveteros.com\/es\/#\/schema\/logo\/image\/\"}}]}<\/script>\n<!-- \/ Yoast SEO plugin. -->","yoast_head_json":{"title":"Instalaciones de Veteros Cl\u00ednica Veterinaria de Barcelona","description":"La mejor tecnolog\u00eda, instalaciones y equipamientos modernos en nuestra cl\u00ednica veterinaria del Eixample de Barcelona.","robots":{"index":"index","follow":"follow","max-snippet":"max-snippet:-1","max-image-preview":"max-image-preview:large","max-video-preview":"max-video-preview:-1"},"canonical":"https:\/\/veterinariveteros.com\/es\/instalaciones\/","og_locale":"es_ES","og_type":"article","og_title":"Instalaciones de Veteros Cl\u00ednica Veterinaria de Barcelona","og_description":"La mejor tecnolog\u00eda, instalaciones y equipamientos modernos en nuestra cl\u00ednica veterinaria del Eixample de Barcelona.","og_url":"https:\/\/veterinariveteros.com\/es\/instalaciones\/","og_site_name":"Cl\u00ednica Veterinaria Veteros","article_modified_time":"2026-03-18T20:05:32+00:00","twitter_card":"summary_large_image","twitter_misc":{"Tiempo de lectura":"3 minutos"},"schema":{"@context":"https:\/\/schema.org","@graph":[{"@type":"WebPage","@id":"https:\/\/veterinariveteros.com\/es\/instalaciones\/","url":"https:\/\/veterinariveteros.com\/es\/instalaciones\/","name":"Instalaciones de Veteros Cl\u00ednica Veterinaria de Barcelona","isPartOf":{"@id":"https:\/\/veterinariveteros.com\/es\/#website"},"datePublished":"2019-11-04T15:39:25+00:00","dateModified":"2026-03-18T20:05:32+00:00","description":"La mejor tecnolog\u00eda, instalaciones y equipamientos modernos en nuestra cl\u00ednica veterinaria del Eixample de Barcelona.","breadcrumb":{"@id":"https:\/\/veterinariveteros.com\/es\/instalaciones\/#breadcrumb"},"inLanguage":"es","potentialAction":[{"@type":"ReadAction","target":["https:\/\/veterinariveteros.com\/es\/instalaciones\/"]}]},{"@type":"BreadcrumbList","@id":"https:\/\/veterinariveteros.com\/es\/instalaciones\/#breadcrumb","itemListElement":[{"@type":"ListItem","position":1,"name":"Home","item":"https:\/\/veterinariveteros.com\/es\/"},{"@type":"ListItem","position":2,"name":"Instalaciones"}]},{"@type":"WebSite","@id":"https:\/\/veterinariveteros.com\/es\/#website","url":"https:\/\/veterinariveteros.com\/es\/","name":"Cl\u00ednica Veterinaria Veteros","description":"Cl\u00ednica Veterinaria Veteros","publisher":{"@id":"https:\/\/veterinariveteros.com\/es\/#organization"},"potentialAction":[{"@type":"SearchAction","target":{"@type":"EntryPoint","urlTemplate":"https:\/\/veterinariveteros.com\/es\/?s={search_term_string}"},"query-input":{"@type":"PropertyValueSpecification","valueRequired":true,"valueName":"search_term_string"}}],"inLanguage":"es"},{"@type":"Organization","@id":"https:\/\/veterinariveteros.com\/es\/#organization","name":"Centre Veterinari Veteros","url":"https:\/\/veterinariveteros.com\/es\/","logo":{"@type":"ImageObject","inLanguage":"es","@id":"https:\/\/veterinariveteros.com\/es\/#\/schema\/logo\/image\/","url":"https:\/\/veterinariveteros.com\/wp-content\/uploads\/2019\/11\/Grup-Riera-alta-Logotipo-1.jpg","contentUrl":"https:\/\/veterinariveteros.com\/wp-content\/uploads\/2019\/11\/Grup-Riera-alta-Logotipo-1.jpg","width":468,"height":138,"caption":"Centre Veterinari Veteros"},"image":{"@id":"https:\/\/veterinariveteros.com\/es\/#\/schema\/logo\/image\/"}}]}},"_links":{"self":[{"href":"https:\/\/veterinariveteros.com\/es\/wp-json\/wp\/v2\/pages\/475","targetHints":{"allow":["GET"]}}],"collection":[{"href":"https:\/\/veterinariveteros.com\/es\/wp-json\/wp\/v2\/pages"}],"about":[{"href":"https:\/\/veterinariveteros.com\/es\/wp-json\/wp\/v2\/types\/page"}],"author":[{"embeddable":true,"href":"https:\/\/veterinariveteros.com\/es\/wp-json\/wp\/v2\/users\/4"}],"replies":[{"embeddable":true,"href":"https:\/\/veterinariveteros.com\/es\/wp-json\/wp\/v2\/comments?post=475"}],"version-history":[{"count":0,"href":"https:\/\/veterinariveteros.com\/es\/wp-json\/wp\/v2\/pages\/475\/revisions"}],"wp:attachment":[{"href":"https:\/\/veterinariveteros.com\/es\/wp-json\/wp\/v2\/media?parent=475"}],"wp:term":[{"taxonomy":"estat","embeddable":true,"href":"https:\/\/veterinariveteros.com\/es\/wp-json\/wp\/v2\/estat?post=475"}],"curies":[{"name":"wp","href":"https:\/\/api.w.org\/{rel}","templated":true}]}}