{"id":636,"date":"2021-06-02T10:00:13","date_gmt":"2021-06-02T08:00:13","guid":{"rendered":"https:\/\/veterinariveteros.com\/?page_id=636"},"modified":"2024-08-12T13:04:25","modified_gmt":"2024-08-12T11:04:25","slug":"miedo-petardos","status":"publish","type":"page","link":"https:\/\/veterinariveteros.com\/es\/campanas\/miedo-petardos\/","title":{"rendered":"Miedo a los petardos"},"content":{"rendered":"<p>[et_pb_section fb_built=\u00bb1&#8243; admin_label=\u00bbPage Title Section\u00bb _builder_version=\u00bb4.16&#8243; use_background_color_gradient=\u00bbon\u00bb background_color_gradient_direction=\u00bb120deg\u00bb background_color_gradient_stops=\u00bb#00164d 0%|rgba(0,0,0,0) 100%\u00bb background_color_gradient_overlays_image=\u00bbon\u00bb background_color_gradient_start=\u00bb#00164d\u00bb background_color_gradient_end=\u00bbrgba(0,0,0,0)\u00bb background_image=\u00bbhttps:\/\/veterinariveteros.com\/wp-content\/uploads\/2019\/11\/fireworks-574739_1920-1.jpg\u00bb custom_padding=\u00bb110px||110px|\u00bb global_colors_info=\u00bb{}\u00bb][et_pb_row column_structure=\u00bb1_2,1_2&#8243; admin_label=\u00bbPage Title Area\u00bb _builder_version=\u00bb4.16&#8243; background_size=\u00bbinitial\u00bb background_position=\u00bbtop_left\u00bb background_repeat=\u00bbrepeat\u00bb global_colors_info=\u00bb{}\u00bb][et_pb_column type=\u00bb1_2&#8243; _builder_version=\u00bb4.16&#8243; custom_padding=\u00bb|||\u00bb global_colors_info=\u00bb{}\u00bb custom_padding__hover=\u00bb|||\u00bb][et_pb_text admin_label=\u00bbTitle\u00bb _builder_version=\u00bb4.16&#8243; text_font=\u00bb||||||||\u00bb header_font=\u00bbPoppins|600|||||||\u00bb header_font_size=\u00bb60px\u00bb header_line_height=\u00bb1.2em\u00bb header_2_font=\u00bb||||||||\u00bb header_2_font_size=\u00bb60px\u00bb background_layout=\u00bbdark\u00bb custom_margin=\u00bb||20px|\u00bb custom_padding=\u00bb|||\u00bb animation_style=\u00bbfade\u00bb header_font_size_tablet=\u00bb\u00bb header_font_size_phone=\u00bb40px\u00bb header_font_size_last_edited=\u00bbon|phone\u00bb global_colors_info=\u00bb{}\u00bb]<\/p>\n<h1>Miedo a los  petardos<\/h1>\n<p>[\/et_pb_text][\/et_pb_column][et_pb_column type=\u00bb1_2&#8243; _builder_version=\u00bb4.16&#8243; custom_padding=\u00bb|||\u00bb global_colors_info=\u00bb{}\u00bb custom_padding__hover=\u00bb|||\u00bb][\/et_pb_column][\/et_pb_row][\/et_pb_section][et_pb_section fb_built=\u00bb1&#8243; _builder_version=\u00bb4.16&#8243; custom_padding=\u00bb74px||90px|||\u00bb global_colors_info=\u00bb{}\u00bb][et_pb_row _builder_version=\u00bb4.16&#8243; custom_padding=\u00bb||34px|||\u00bb global_colors_info=\u00bb{}\u00bb][et_pb_column type=\u00bb4_4&#8243; _builder_version=\u00bb4.16&#8243; global_colors_info=\u00bb{}\u00bb][et_pb_text admin_label=\u00bbTitle\u00bb _builder_version=\u00bb4.16&#8243; text_font=\u00bb||||||||\u00bb header_font=\u00bb||||||||\u00bb header_2_font=\u00bbPoppins|600|||||||\u00bb header_2_font_size=\u00bb36px\u00bb header_2_line_height=\u00bb1.2em\u00bb background_layout=\u00bbdark\u00bb animation_style=\u00bbfold\u00bb animation_direction=\u00bbleft\u00bb animation_intensity_fold=\u00bb10%\u00bb animation_starting_opacity=\u00bb100%\u00bb locked=\u00bboff\u00bb global_colors_info=\u00bb{}\u00bb]<\/p>\n<h2 class=\"wsite-content-title\" style=\"text-align: center\"><span style=\"color: #00164d\">Ayuda a tu mascota a superar su miedo a los petardos<\/span><\/h2>\n<p>[\/et_pb_text][et_pb_divider color=\u00bbgcid-cf4d5fad-6f37-4647-b6db-9cce13ff169f\u00bb divider_position=\u00bbcenter\u00bb divider_weight=\u00bb3px\u00bb _builder_version=\u00bb4.27.0&#8243; max_width=\u00bb50px\u00bb module_alignment=\u00bbcenter\u00bb animation_style=\u00bbslide\u00bb animation_direction=\u00bbtop\u00bb animation_intensity_slide=\u00bb10%\u00bb animation_starting_opacity=\u00bb100%\u00bb locked=\u00bboff\u00bb global_colors_info=\u00bb{%22gcid-cf4d5fad-6f37-4647-b6db-9cce13ff169f%22:%91%22color%22%93}\u00bb][\/et_pb_divider][\/et_pb_column][\/et_pb_row][et_pb_row column_structure=\u00bb1_2,1_2&#8243; _builder_version=\u00bb4.16&#8243; custom_padding=\u00bb28px||4px|||\u00bb global_colors_info=\u00bb{}\u00bb][et_pb_column type=\u00bb1_2&#8243; _builder_version=\u00bb4.16&#8243; global_colors_info=\u00bb{}\u00bb][et_pb_image src=\u00bbhttps:\/\/veterinariveteros.com\/wp-content\/uploads\/2019\/11\/ElsLlops_petardos.jpg\u00bb title_text=\u00bbElsLlops_petardos\u00bb _builder_version=\u00bb4.27.0&#8243; min_height=\u00bb332px\u00bb custom_margin=\u00bb7px||35px|||\u00bb custom_padding=\u00bb||5px|||\u00bb global_colors_info=\u00bb{}\u00bb][\/et_pb_image][\/et_pb_column][et_pb_column type=\u00bb1_2&#8243; _builder_version=\u00bb4.16&#8243; global_colors_info=\u00bb{}\u00bb][et_pb_text _builder_version=\u00bb4.16&#8243; custom_margin=\u00bb21px|||||\u00bb global_colors_info=\u00bb{}\u00bb]<\/p>\n<p><span>\u00bfTu mascota se asusta con facilidad cuando escucha petardos y fuegos artificiales? \u00bfLa verbena de San Juan supone una pesadilla para tu perro y gato? Antic\u00edpate para prevenir el p\u00e1nico y el estr\u00e9s causados por los petados a tu mascota.<\/span><\/p>\n<p><span>En <strong>Veteros\u00a0<\/strong><\/span><span><strong>Cl\u00ednica Veterinaria<\/strong> del Eixample de Barcelona\u00a0te ofrecemos:<\/span><\/p>\n<ul>\n<li><span style=\"color: #00164d;font-size: large\"><strong>Una visita gratuita de asesoramiento.<\/strong><\/span><\/li>\n<li><span style=\"color: #00164d;font-size: large\"><strong>El tratamiento m\u00e1s adecuado para tu mascota.<\/strong><\/span><\/li>\n<\/ul>\n<p><span style=\"text-decoration: underline\"><span style=\"color: #00164d\"><a href=\"https:\/\/surveys.ethometrix.com\/s3\/fobiasruidosperros\" target=\"_blank\" rel=\"noopener noreferrer\" style=\"color: #00164d;text-decoration: underline\"><\/a><\/span><\/span><\/p>\n<h2>\u00a1No te demores! El tratamiento debe comenzar al menos con 10 d\u00edas de antelaci\u00f3n.<\/h2>\n<p>[\/et_pb_text][\/et_pb_column][\/et_pb_row][\/et_pb_section][et_pb_section fb_built=\u00bb1&#8243; _builder_version=\u00bb4.27.0&#8243; background_color=\u00bbgcid-58ebc60f-c9b1-4f66-af67-6acc30e0c3cc\u00bb custom_padding=\u00bb128px||128px||true|\u00bb global_colors_info=\u00bb{%22gcid-58ebc60f-c9b1-4f66-af67-6acc30e0c3cc%22:%91%22background_color%22%93}\u00bb][et_pb_row column_structure=\u00bb1_2,1_2&#8243; _builder_version=\u00bb4.16&#8243; custom_padding=\u00bb||0px|||\u00bb global_colors_info=\u00bb{}\u00bb][et_pb_column type=\u00bb1_2&#8243; _builder_version=\u00bb4.16&#8243; custom_padding=\u00bb|||\u00bb global_colors_info=\u00bb{}\u00bb custom_padding__hover=\u00bb|||\u00bb][et_pb_text admin_label=\u00bbTitle\u00bb _builder_version=\u00bb4.16&#8243; text_font=\u00bb||||||||\u00bb header_font=\u00bb||||||||\u00bb header_2_font=\u00bbPoppins|600|||||||\u00bb header_2_font_size=\u00bb36px\u00bb header_2_line_height=\u00bb1.2em\u00bb background_layout=\u00bbdark\u00bb custom_margin=\u00bb-28px||-1px|||\u00bb custom_padding=\u00bb||19px|||\u00bb animation_style=\u00bbfold\u00bb animation_direction=\u00bbleft\u00bb animation_intensity_fold=\u00bb10%\u00bb animation_starting_opacity=\u00bb100%\u00bb locked=\u00bboff\u00bb global_colors_info=\u00bb{}\u00bb]<\/p>\n<h2 class=\"wsite-content-title\">\u200b<span><span>Por qu\u00e9 y c\u00f3mo prevenir el miedo a los ruidos y los petardos<\/span><\/span><\/h2>\n<p>[\/et_pb_text][et_pb_divider color=\u00bb#FFFFFF\u00bb divider_position=\u00bbcenter\u00bb divider_weight=\u00bb3px\u00bb _builder_version=\u00bb4.27.0&#8243; max_width=\u00bb50px\u00bb animation_style=\u00bbslide\u00bb animation_direction=\u00bbtop\u00bb animation_intensity_slide=\u00bb10%\u00bb animation_starting_opacity=\u00bb100%\u00bb hover_enabled=\u00bb0&#8243; locked=\u00bboff\u00bb global_colors_info=\u00bb{}\u00bb sticky_enabled=\u00bb0&#8243;][\/et_pb_divider][et_pb_text _builder_version=\u00bb4.16&#8243; global_colors_info=\u00bb{}\u00bb]<\/p>\n<p><span style=\"color: #ffffff\">Es importante poner remedio a tiempo para evitar problemas mayores en la salud de tu mascota.<\/span><br \/><span style=\"color: #ffffff\">\u200b<\/span><br \/><span style=\"color: #ffffff\">Este miedo irracional a situaciones de ruido intenso puede convertirse en una fobia y causar serias complicaciones que podr\u00edan afectar a la calidad de vida de tu animal de compa\u00f1\u00eda.<\/span><\/p>\n<p>[\/et_pb_text][\/et_pb_column][et_pb_column type=\u00bb1_2&#8243; _builder_version=\u00bb4.16&#8243; custom_padding=\u00bb30px||30px|\u00bb global_colors_info=\u00bb{}\u00bb custom_padding__hover=\u00bb|||\u00bb][et_pb_text _builder_version=\u00bb4.16&#8243; min_height=\u00bb158px\u00bb custom_margin=\u00bb-57px|||||\u00bb custom_padding=\u00bb9px||0px|||\u00bb global_colors_info=\u00bb{}\u00bb]<\/p>\n<p><span style=\"color: #ffffff\">El p\u00e1nico a los ruidos puede tener una implicaci\u00f3n gen\u00e9tica, ya que hay razas de perros y gatos de car\u00e1cter t\u00edmido que tienen m\u00e1s predisposici\u00f3n a presentar fobias ante este tipo de situaciones.<\/span><\/p>\n<p><span style=\"color: #ffffff\">Se trata de un miedo que cada animal va adquiriendo progresivamente y puede tener su origen en una socializaci\u00f3n temprana deficiente.<\/span><br \/><span style=\"color: #ffffff\">\u200b<\/span><br \/><span style=\"color: #ffffff\">Ven a nuestro centro veterinario del Eixample de Barcelona te ayudaremos a conseguir que tu perro reduzca sus miedos ante los ruidos y petardos<\/span>.<\/p>\n<p>[\/et_pb_text][et_pb_button button_url=\u00bb@ET-DC@eyJkeW5hbWljIjp0cnVlLCJjb250ZW50IjoicG9zdF9saW5rX3VybF9wb3N0Iiwic2V0dGluZ3MiOnsicG9zdF9pZCI6IjkwNyJ9fQ==@\u00bb button_text=\u00bbHAZ CLIC PARA LEER: Ayuda a tu mascota a mantener la calma ante los petardos\u00bb button_alignment=\u00bbleft\u00bb _builder_version=\u00bb4.16&#8243; _dynamic_attributes=\u00bbbutton_url\u00bb button_text_color=\u00bb#00164d\u00bb button_bg_color=\u00bb#ffffff\u00bb button_border_color=\u00bb#ffffff\u00bb custom_margin=\u00bb42px|||||\u00bb global_colors_info=\u00bb{}\u00bb][\/et_pb_button][\/et_pb_column][\/et_pb_row][\/et_pb_section]<\/p>\n","protected":false},"excerpt":{"rendered":"<p>Miedo a los petardosAyuda a tu mascota a superar su miedo a los petardos\u00bfTu mascota se asusta con facilidad cuando escucha petardos y fuegos artificiales? \u00bfLa verbena de San Juan supone una pesadilla para tu perro y gato? Antic\u00edpate para prevenir el p\u00e1nico y el estr\u00e9s causados por los petados a tu mascota. En Veteros\u00a0Cl\u00ednica [&hellip;]<\/p>\n","protected":false},"author":1,"featured_media":0,"parent":1071,"menu_order":0,"comment_status":"closed","ping_status":"closed","template":"","meta":{"_et_pb_use_builder":"on","_et_pb_old_content":"","_et_gb_content_width":"","footnotes":""},"estat":[],"class_list":["post-636","page","type-page","status-publish","hentry"],"yoast_head":"<!-- This site is optimized with the Yoast SEO plugin v27.1.1 - https:\/\/yoast.com\/product\/yoast-seo-wordpress\/ -->\n<title>Miedo a los petardos - Veteros Cl\u00ednica Veterinaria de Barcelona<\/title>\n<meta name=\"description\" content=\"Ven a Veteros Cl\u00ednica Veterinaria del Eixample de Barcelona y te ayudaremos a reducir el estr\u00e9s y el miedo a los ruidos y petardos de tu mascota.\" \/>\n<meta name=\"robots\" content=\"index, follow, max-snippet:-1, max-image-preview:large, max-video-preview:-1\" \/>\n<link rel=\"canonical\" href=\"https:\/\/veterinariveteros.com\/es\/campanas\/miedo-petardos\/\" \/>\n<meta property=\"og:locale\" content=\"es_ES\" \/>\n<meta property=\"og:type\" content=\"article\" \/>\n<meta property=\"og:title\" content=\"Miedo a los petardos - Veteros Cl\u00ednica Veterinaria de Barcelona\" \/>\n<meta property=\"og:description\" content=\"Ven a Veteros Cl\u00ednica Veterinaria del Eixample de Barcelona y te ayudaremos a reducir el estr\u00e9s y el miedo a los ruidos y petardos de tu mascota.\" \/>\n<meta property=\"og:url\" content=\"https:\/\/veterinariveteros.com\/es\/campanas\/miedo-petardos\/\" \/>\n<meta property=\"og:site_name\" content=\"Cl\u00ednica Veterinaria Veteros\" \/>\n<meta property=\"article:modified_time\" content=\"2024-08-12T11:04:25+00:00\" \/>\n<meta name=\"twitter:card\" content=\"summary_large_image\" \/>\n<meta name=\"twitter:label1\" content=\"Tiempo de lectura\" \/>\n\t<meta name=\"twitter:data1\" content=\"5 minutos\" \/>\n<script type=\"application\/ld+json\" class=\"yoast-schema-graph\">{\"@context\":\"https:\/\/schema.org\",\"@graph\":[{\"@type\":\"WebPage\",\"@id\":\"https:\/\/veterinariveteros.com\/es\/campanas\/miedo-petardos\/\",\"url\":\"https:\/\/veterinariveteros.com\/es\/campanas\/miedo-petardos\/\",\"name\":\"Miedo a los petardos - Veteros Cl\u00ednica Veterinaria de Barcelona\",\"isPartOf\":{\"@id\":\"https:\/\/veterinariveteros.com\/es\/#website\"},\"datePublished\":\"2021-06-02T08:00:13+00:00\",\"dateModified\":\"2024-08-12T11:04:25+00:00\",\"description\":\"Ven a Veteros Cl\u00ednica Veterinaria del Eixample de Barcelona y te ayudaremos a reducir el estr\u00e9s y el miedo a los ruidos y petardos de tu mascota.\",\"breadcrumb\":{\"@id\":\"https:\/\/veterinariveteros.com\/es\/campanas\/miedo-petardos\/#breadcrumb\"},\"inLanguage\":\"es\",\"potentialAction\":[{\"@type\":\"ReadAction\",\"target\":[\"https:\/\/veterinariveteros.com\/es\/campanas\/miedo-petardos\/\"]}]},{\"@type\":\"BreadcrumbList\",\"@id\":\"https:\/\/veterinariveteros.com\/es\/campanas\/miedo-petardos\/#breadcrumb\",\"itemListElement\":[{\"@type\":\"ListItem\",\"position\":1,\"name\":\"Home\",\"item\":\"https:\/\/veterinariveteros.com\/es\/\"},{\"@type\":\"ListItem\",\"position\":2,\"name\":\"Campa\u00f1as\",\"item\":\"https:\/\/veterinariveteros.com\/es\/campanyes\/\"},{\"@type\":\"ListItem\",\"position\":3,\"name\":\"Miedo a los petardos\"}]},{\"@type\":\"WebSite\",\"@id\":\"https:\/\/veterinariveteros.com\/es\/#website\",\"url\":\"https:\/\/veterinariveteros.com\/es\/\",\"name\":\"Cl\u00ednica Veterinaria Veteros\",\"description\":\"Cl\u00ednica Veterinaria Veteros\",\"publisher\":{\"@id\":\"https:\/\/veterinariveteros.com\/es\/#organization\"},\"potentialAction\":[{\"@type\":\"SearchAction\",\"target\":{\"@type\":\"EntryPoint\",\"urlTemplate\":\"https:\/\/veterinariveteros.com\/es\/?s={search_term_string}\"},\"query-input\":{\"@type\":\"PropertyValueSpecification\",\"valueRequired\":true,\"valueName\":\"search_term_string\"}}],\"inLanguage\":\"es\"},{\"@type\":\"Organization\",\"@id\":\"https:\/\/veterinariveteros.com\/es\/#organization\",\"name\":\"Centre Veterinari Veteros\",\"url\":\"https:\/\/veterinariveteros.com\/es\/\",\"logo\":{\"@type\":\"ImageObject\",\"inLanguage\":\"es\",\"@id\":\"https:\/\/veterinariveteros.com\/es\/#\/schema\/logo\/image\/\",\"url\":\"https:\/\/veterinariveteros.com\/wp-content\/uploads\/2019\/11\/Grup-Riera-alta-Logotipo-1.jpg\",\"contentUrl\":\"https:\/\/veterinariveteros.com\/wp-content\/uploads\/2019\/11\/Grup-Riera-alta-Logotipo-1.jpg\",\"width\":468,\"height\":138,\"caption\":\"Centre Veterinari Veteros\"},\"image\":{\"@id\":\"https:\/\/veterinariveteros.com\/es\/#\/schema\/logo\/image\/\"}}]}<\/script>\n<!-- \/ Yoast SEO plugin. -->","yoast_head_json":{"title":"Miedo a los petardos - Veteros Cl\u00ednica Veterinaria de Barcelona","description":"Ven a Veteros Cl\u00ednica Veterinaria del Eixample de Barcelona y te ayudaremos a reducir el estr\u00e9s y el miedo a los ruidos y petardos de tu mascota.","robots":{"index":"index","follow":"follow","max-snippet":"max-snippet:-1","max-image-preview":"max-image-preview:large","max-video-preview":"max-video-preview:-1"},"canonical":"https:\/\/veterinariveteros.com\/es\/campanas\/miedo-petardos\/","og_locale":"es_ES","og_type":"article","og_title":"Miedo a los petardos - Veteros Cl\u00ednica Veterinaria de Barcelona","og_description":"Ven a Veteros Cl\u00ednica Veterinaria del Eixample de Barcelona y te ayudaremos a reducir el estr\u00e9s y el miedo a los ruidos y petardos de tu mascota.","og_url":"https:\/\/veterinariveteros.com\/es\/campanas\/miedo-petardos\/","og_site_name":"Cl\u00ednica Veterinaria Veteros","article_modified_time":"2024-08-12T11:04:25+00:00","twitter_card":"summary_large_image","twitter_misc":{"Tiempo de lectura":"5 minutos"},"schema":{"@context":"https:\/\/schema.org","@graph":[{"@type":"WebPage","@id":"https:\/\/veterinariveteros.com\/es\/campanas\/miedo-petardos\/","url":"https:\/\/veterinariveteros.com\/es\/campanas\/miedo-petardos\/","name":"Miedo a los petardos - Veteros Cl\u00ednica Veterinaria de Barcelona","isPartOf":{"@id":"https:\/\/veterinariveteros.com\/es\/#website"},"datePublished":"2021-06-02T08:00:13+00:00","dateModified":"2024-08-12T11:04:25+00:00","description":"Ven a Veteros Cl\u00ednica Veterinaria del Eixample de Barcelona y te ayudaremos a reducir el estr\u00e9s y el miedo a los ruidos y petardos de tu mascota.","breadcrumb":{"@id":"https:\/\/veterinariveteros.com\/es\/campanas\/miedo-petardos\/#breadcrumb"},"inLanguage":"es","potentialAction":[{"@type":"ReadAction","target":["https:\/\/veterinariveteros.com\/es\/campanas\/miedo-petardos\/"]}]},{"@type":"BreadcrumbList","@id":"https:\/\/veterinariveteros.com\/es\/campanas\/miedo-petardos\/#breadcrumb","itemListElement":[{"@type":"ListItem","position":1,"name":"Home","item":"https:\/\/veterinariveteros.com\/es\/"},{"@type":"ListItem","position":2,"name":"Campa\u00f1as","item":"https:\/\/veterinariveteros.com\/es\/campanyes\/"},{"@type":"ListItem","position":3,"name":"Miedo a los petardos"}]},{"@type":"WebSite","@id":"https:\/\/veterinariveteros.com\/es\/#website","url":"https:\/\/veterinariveteros.com\/es\/","name":"Cl\u00ednica Veterinaria Veteros","description":"Cl\u00ednica Veterinaria Veteros","publisher":{"@id":"https:\/\/veterinariveteros.com\/es\/#organization"},"potentialAction":[{"@type":"SearchAction","target":{"@type":"EntryPoint","urlTemplate":"https:\/\/veterinariveteros.com\/es\/?s={search_term_string}"},"query-input":{"@type":"PropertyValueSpecification","valueRequired":true,"valueName":"search_term_string"}}],"inLanguage":"es"},{"@type":"Organization","@id":"https:\/\/veterinariveteros.com\/es\/#organization","name":"Centre Veterinari Veteros","url":"https:\/\/veterinariveteros.com\/es\/","logo":{"@type":"ImageObject","inLanguage":"es","@id":"https:\/\/veterinariveteros.com\/es\/#\/schema\/logo\/image\/","url":"https:\/\/veterinariveteros.com\/wp-content\/uploads\/2019\/11\/Grup-Riera-alta-Logotipo-1.jpg","contentUrl":"https:\/\/veterinariveteros.com\/wp-content\/uploads\/2019\/11\/Grup-Riera-alta-Logotipo-1.jpg","width":468,"height":138,"caption":"Centre Veterinari Veteros"},"image":{"@id":"https:\/\/veterinariveteros.com\/es\/#\/schema\/logo\/image\/"}}]}},"_links":{"self":[{"href":"https:\/\/veterinariveteros.com\/es\/wp-json\/wp\/v2\/pages\/636","targetHints":{"allow":["GET"]}}],"collection":[{"href":"https:\/\/veterinariveteros.com\/es\/wp-json\/wp\/v2\/pages"}],"about":[{"href":"https:\/\/veterinariveteros.com\/es\/wp-json\/wp\/v2\/types\/page"}],"author":[{"embeddable":true,"href":"https:\/\/veterinariveteros.com\/es\/wp-json\/wp\/v2\/users\/1"}],"replies":[{"embeddable":true,"href":"https:\/\/veterinariveteros.com\/es\/wp-json\/wp\/v2\/comments?post=636"}],"version-history":[{"count":0,"href":"https:\/\/veterinariveteros.com\/es\/wp-json\/wp\/v2\/pages\/636\/revisions"}],"up":[{"embeddable":true,"href":"https:\/\/veterinariveteros.com\/es\/wp-json\/wp\/v2\/pages\/1071"}],"wp:attachment":[{"href":"https:\/\/veterinariveteros.com\/es\/wp-json\/wp\/v2\/media?parent=636"}],"wp:term":[{"taxonomy":"estat","embeddable":true,"href":"https:\/\/veterinariveteros.com\/es\/wp-json\/wp\/v2\/estat?post=636"}],"curies":[{"name":"wp","href":"https:\/\/api.w.org\/{rel}","templated":true}]}}